{"id":5974,"date":"2017-06-05T13:27:25","date_gmt":"2017-06-05T13:27:25","guid":{"rendered":"http:\/\/capivo.cat\/ca\/cdiap-caldes\/"},"modified":"2024-07-26T15:54:21","modified_gmt":"2024-07-26T15:54:21","slug":"cdiap-caldes","status":"publish","type":"page","link":"https:\/\/capivo.cat\/ca\/cdiap-caldes\/","title":{"rendered":"Cdiap Caldes"},"content":{"rendered":"<p>[vc_row content_full_width=&#8221;1&#8243;][vc_column][vc_separator][\/vc_column][\/vc_row][vc_row][vc_column][vc_empty_space][vc_column_text]<\/p>\n<h2 style=\"text-align: center;\"><span style=\"color: #bad648;\">Qu\u00e8 \u00e9s CDIAP Caldes?<\/span><\/h2>\n<p>[\/vc_column_text][vc_empty_space height=&#8221;48px&#8221;][\/vc_column][\/vc_row][vc_row content_full_width=&#8221;1&#8243;][vc_column][vc_single_image image=&#8221;6665&#8243; img_size=&#8221;full&#8221; alignment=&#8221;center&#8221;][vc_empty_space][\/vc_column][\/vc_row][vc_row][vc_column][vc_empty_space][vc_column_text]<\/p>\n<h3 style=\"text-align: center;\">El CDIAP\u00a0Caldes \u00e9s un servei p\u00fablic, universal i gratu\u00eft, que est\u00e0 integrat en el<br \/>\nDepartament de Treball, Afers Socials i Fam\u00edlies de la Generalitat de Catalunya.<\/h3>\n<p>[\/vc_column_text][vc_empty_space height=&#8221;50px&#8221;][\/vc_column][\/vc_row][vc_row css=&#8221;.vc_custom_1625763592301{background-color: #fafafa !important;}&#8221; el_id=&#8221;qui&#8221; el_class=&#8221;colorgris&#8221;][vc_column width=&#8221;1\/2&#8243;][vc_empty_space height=&#8221;50px&#8221;][vc_row_inner][vc_column_inner][vc_column_text]<\/p>\n<h2><span style=\"color: #bad648;\">Per a qui?<\/span><\/h2>\n<p>[\/vc_column_text][vc_empty_space][vc_column_text]El CDIAP at\u00e9n infants de 0 a 6 anys amb trastorns del desenvolupament o amb risc de patir-los i tamb\u00e9 a les seves fam\u00edlies mitjan\u00e7ant una atenci\u00f3 global i multidisciplinar. Es treballa des de la prevenci\u00f3 i la detecci\u00f3 fins al diagn\u00f2stic i el tractament. Aix\u00ed mateix, es realitza un treball de coordinaci\u00f3 continu amb altres serveis externs dels \u00e0mbits educatiu, sanitari i social de la zona. La prioritat del servei \u00e9s atendre els nens m\u00e9s petits de 4 anys. Per aquesta ra\u00f3, si la demanda supera les possibilitats d&#8217;atenci\u00f3 es prioritzaran als menors de 3 anys i els que pateixen afectacions greus.[\/vc_column_text][vc_empty_space height=&#8221;64px&#8221;][\/vc_column_inner][\/vc_row_inner][\/vc_column][vc_column width=&#8221;1\/2&#8243;][vc_empty_space height=&#8221;15px&#8221;][vc_single_image image=&#8221;6043&#8243; img_size=&#8221;full&#8221; alignment=&#8221;center&#8221; css_animation=&#8221;right-to-left&#8221;][\/vc_column][\/vc_row][vc_row el_id=&#8221;com&#8221;][vc_column width=&#8221;1\/2&#8243;][vc_empty_space height=&#8221;100px&#8221;][vc_single_image image=&#8221;6027&#8243; img_size=&#8221;full&#8221; alignment=&#8221;center&#8221; css_animation=&#8221;left-to-right&#8221;][\/vc_column][vc_column width=&#8221;1\/2&#8243;][vc_empty_space height=&#8221;50px&#8221;][vc_row_inner][vc_column_inner][vc_column_text]<\/p>\n<h2><span style=\"color: #bad648;\">Com accedir?<\/span><\/h2>\n<p>[\/vc_column_text][vc_empty_space][vc_column_text]<\/p>\n<p style=\"text-align: justify;\">Al CDIAP Caldes poden accedir les fam\u00edlies de la zona de Caldes de Montbui, Castellcir, Castellter\u00e7ol, Granera, Lli\u00e7\u00e0 de Vall, Lli\u00e7\u00e0 d\u2019Amunt, Sant Feliu de Codines, Santa Eul\u00e0lia de Ron\u00e7ana, Sant Quirze Safaja i Bigues i Riells.<\/p>\n<p>[\/vc_column_text][vc_empty_space][vc_column_text]La derivaci\u00f3 de nens al CDIAP es pot fer mitjan\u00e7ant els serveis educatius (llar d&#8217;infants, escola ordin\u00e0ria &#8230;), sanitaris (pediatre referent, hospital &#8230;.) i socials (treballadors socials, espais familiars &#8230;), o per iniciativa de la fam\u00edlia.[\/vc_column_text][vc_empty_space][vc_column_text]Per demanar visita nom\u00e9s cal que la fam\u00edlia contacti telef\u00f2nicament o presencialment amb el CDIAP.[\/vc_column_text][\/vc_column_inner][\/vc_row_inner][vc_empty_space height=&#8221;64px&#8221;][\/vc_column][\/vc_row][vc_row css=&#8221;.vc_custom_1496688455309{background-color: #fafafa !important;}&#8221; el_id=&#8221;que&#8221;][vc_column width=&#8221;1\/2&#8243;][vc_empty_space height=&#8221;50px&#8221;][vc_row_inner][vc_column_inner][vc_column_text]<\/p>\n<h2><span style=\"color: #bad648;\">Qu\u00e8 fem?<\/span><\/h2>\n<p>[\/vc_column_text][vc_empty_space][vc_column_text]Al Servei d&#8217;Atenci\u00f3 Preco\u00e7 realitzem actuacions de tipus prevenci\u00f3, detecci\u00f3, diagn\u00f2stic i intervenci\u00f3 terap\u00e8utica, i de car\u00e0cter interdisciplinari, que s&#8217;estenen des del moment de la concepci\u00f3 fins que l&#8217;infant compleix 6 anys.[\/vc_column_text][vc_empty_space][vc_column_text]Els serveis que oferim s\u00f3n:<\/p>\n<p><strong>PROGRAMES DE PREVENCI\u00d3 I DETECCI\u00d3<\/strong><\/p>\n<p><strong>\u00c0rea de sanitat<\/strong><\/p>\n<p>\u2022 Hospital<\/p>\n<ul>\n<li>Treball amb embarassos de risc a l&#8217;Hospital General de Granollers<\/li>\n<li>Treball de prevenci\u00f3 en les unitats de nounats patol\u00f2gics de l&#8217;Hospital General de Granollers<\/li>\n<\/ul>\n<p>\u2022 ABS \/ CAP: Treball amb les ABS de diferents poblacions de la zona d&#8217;atenci\u00f3 del CDIAP<\/p>\n<p><strong>\u00c0rea d&#8217;educaci\u00f3<\/strong><\/p>\n<p>\u2022 Detecci\u00f3 i prevenci\u00f3 en la llar d&#8217;infants<\/p>\n<p>\u2022 Detecci\u00f3 i prevenci\u00f3 a l&#8217;escola ordin\u00e0ria<\/p>\n<p><strong>\u00c0rea social<\/strong><\/p>\n<p>\u2022 Detecci\u00f3 i prevenci\u00f3 en espais familiars<\/p>\n<p>\u2022 Altres[\/vc_column_text][vc_empty_space][vc_column_text]<strong>AVALUACI\u00d3 I DIAGN\u00d2STIC DEL DESENVOLUPAMENT DE L&#8217;INFANT I DE LA SEVA FAM\u00cdLIA:<\/strong><\/p>\n<p>Inclou el proc\u00e9s diagn\u00f2stic i les actuacions necess\u00e0ries per valorar el desenvolupament bio-psicosocial i possibles alteracions o el risc de patir-en nens que necessiten ser atesos i en les seves fam\u00edlies.[\/vc_column_text][vc_empty_space][vc_column_text]<strong>AVALUACI\u00d3 DE L&#8217;AUDICI\u00d3:<\/strong><\/p>\n<p>El CDIAP Caldes disposa d&#8217;un audi\u00f2metre\u00a0i un timpan\u00f3metre que permeten un primer cribratge en l&#8217;audici\u00f3 de l&#8217;infant.[\/vc_column_text][vc_empty_space][vc_column_text]<strong>TRACTAMENT:<\/strong><\/p>\n<p>Les modalitats d&#8217;intervenci\u00f3 que oferim s\u00f3n:<\/p>\n<ul>\n<li style=\"list-style-type: none;\">\n<ul>\n<li>Tractament al nen i a la seva fam\u00edlia<\/li>\n<li>Acompanyament i suport als pares<\/li>\n<li>Atenci\u00f3 domicili\u00e0ria<\/li>\n<li>Espai d&#8217;activitat aqu\u00e0tica<\/li>\n<li>Grups terap\u00e8utics de nens<\/li>\n<li>Grup de pares<\/li>\n<li>Coordinacions amb els professionals de la xarxa de l&#8217;\u00e1mbit sanitari, educatiu i social que coneixen al nen<\/li>\n<\/ul>\n<\/li>\n<\/ul>\n<p>[\/vc_column_text][vc_empty_space][vc_column_text]<strong>TREBALL EN XARXA<\/strong><\/p>\n<p>&nbsp;<\/p>\n<p><strong>FORMACI\u00d3 I DOC\u00c8NCIA<\/strong><br \/>\n\u2022 Assessorament i sensibilitzaci\u00f3 en forma de xerrades<\/p>\n<p>&nbsp;<\/p>\n<p><strong>PROGRAMA ESPECIFIC D&#8217;ATENCI\u00d3 A INFANTS AMB TRASTORNS GREUS DEL DESENVOLUPAMENT O EN RISC DE PATIR-LOS<br \/>\n<\/strong>[\/vc_column_text][vc_empty_space height=&#8221;20&#8243;][\/vc_column_inner][\/vc_row_inner][vc_row_inner][vc_column_inner][vc_column_text]<\/p>\n<p style=\"text-align: left;\">DESCARREGA&#8217;T EL PGR 2021<\/p>\n<p>[\/vc_column_text][vc_icon icon_fontawesome=&#8221;far fa-file-pdf&#8221; color=&#8221;custom&#8221; size=&#8221;lg&#8221; css_animation=&#8221;left-to-right&#8221; custom_color=&#8221;#75c6ba&#8221; link=&#8221;url:http%3A%2F%2Fcapivo.cat%2Fwp-content%2Fuploads%2F2021%2F08%2FPGR_2021_cat.pdf|target:_blank&#8221; el_class=&#8221;espai&#8221;][\/vc_column_inner][\/vc_row_inner][\/vc_column][vc_column width=&#8221;1\/2&#8243;][vc_empty_space height=&#8221;64px&#8221;][vc_single_image image=&#8221;6044&#8243; img_size=&#8221;full&#8221; alignment=&#8221;center&#8221; css_animation=&#8221;right-to-left&#8221;][\/vc_column][\/vc_row][vc_row el_id=&#8221;professionals&#8221;][vc_column][vc_empty_space height=&#8221;80px&#8221;][vc_column_text]<\/p>\n<h2 style=\"text-align: center; font-family: 'Lato-LightItalic'; font-size: 36px;\">Els nostres professionals<\/h2>\n<p>[\/vc_column_text][vc_empty_space height=&#8221;48px&#8221;][vc_row_inner equal_height=&#8221;yes&#8221; gap=&#8221;10&#8243; css=&#8221;.vc_custom_1625828735374{margin-right: 50px !important;margin-left: 50px !important;}&#8221; el_class=&#8221;margincdiap&#8221;][vc_column_inner width=&#8221;1\/2&#8243; css=&#8221;.vc_custom_1463142915273{border-top-width: 5px !important;border-right-width: 5px !important;border-bottom-width: 5px !important;border-left-width: 5px !important;background-color: #fafafa !important;border-left-color: #ffffff !important;border-right-color: #ffffff !important;border-top-color: #ffffff !important;border-bottom-color: #ffffff !important;}&#8221;][vc_empty_space height=&#8221;24px&#8221;][vc_column_text]<\/p>\n<h3 style=\"text-align: center;\"><span style=\"color: #bad648;\">TREBALLADORES SOCIALS<\/span><\/h3>\n<p>[\/vc_column_text][vc_empty_space height=&#8221;15px&#8221;][vc_column_text css=&#8221;.vc_custom_1627979409321{padding-right: 25px !important;padding-left: 25px !important;}&#8221; el_class=&#8221;espaipersonal&#8221;]<\/p>\n<p style=\"text-align: center;\">Cristina Garc\u00eda<\/p>\n<p>[\/vc_column_text][vc_empty_space][\/vc_column_inner][vc_column_inner width=&#8221;1\/2&#8243; css=&#8221;.vc_custom_1463142937780{border-top-width: 5px !important;border-right-width: 5px !important;border-bottom-width: 5px !important;border-left-width: 5px !important;background-color: #fafafa !important;border-left-color: #ffffff !important;border-right-color: #ffffff !important;border-top-color: #ffffff !important;border-bottom-color: #ffffff !important;}&#8221;][vc_empty_space height=&#8221;24px&#8221;][vc_column_text]<\/p>\n<h3 style=\"text-align: center;\"><span style=\"color: #bad648;\">FISIOTERAPEUTES<\/span><\/h3>\n<p>[\/vc_column_text][vc_empty_space height=&#8221;15px&#8221;][vc_column_text css=&#8221;.vc_custom_1627979417602{padding-right: 25px !important;padding-left: 25px !important;}&#8221; el_class=&#8221;espaipersonal&#8221;]<\/p>\n<p style=\"text-align: center;\">Montse Torres<\/p>\n<p>[\/vc_column_text][vc_empty_space][\/vc_column_inner][\/vc_row_inner][vc_row_inner equal_height=&#8221;yes&#8221; gap=&#8221;10&#8243; css=&#8221;.vc_custom_1463143174201{margin-right: 50px !important;margin-left: 50px !important;}&#8221;][vc_column_inner width=&#8221;1\/2&#8243; css=&#8221;.vc_custom_1463142915273{border-top-width: 5px !important;border-right-width: 5px !important;border-bottom-width: 5px !important;border-left-width: 5px !important;background-color: #fafafa !important;border-left-color: #ffffff !important;border-right-color: #ffffff !important;border-top-color: #ffffff !important;border-bottom-color: #ffffff !important;}&#8221;][vc_empty_space height=&#8221;24px&#8221;][vc_column_text]<\/p>\n<h3 style=\"text-align: center;\"><span style=\"color: #bad648;\">NEUROPEDIATRES<\/span><\/h3>\n<p>[\/vc_column_text][vc_empty_space height=&#8221;15px&#8221;][vc_column_text css=&#8221;.vc_custom_1627979428436{padding-right: 25px !important;padding-left: 25px !important;}&#8221; el_class=&#8221;espaipersonal&#8221;]<\/p>\n<p style=\"text-align: center;\">Monika Auffant<\/p>\n<p>[\/vc_column_text][vc_empty_space][\/vc_column_inner][vc_column_inner width=&#8221;1\/2&#8243; css=&#8221;.vc_custom_1463142937780{border-top-width: 5px !important;border-right-width: 5px !important;border-bottom-width: 5px !important;border-left-width: 5px !important;background-color: #fafafa !important;border-left-color: #ffffff !important;border-right-color: #ffffff !important;border-top-color: #ffffff !important;border-bottom-color: #ffffff !important;}&#8221;][vc_empty_space height=&#8221;24px&#8221;][vc_column_text]<\/p>\n<h3 style=\"text-align: center;\"><span style=\"color: #bad648;\">PSIC\u00d2LOGUES<\/span><\/h3>\n<p>[\/vc_column_text][vc_empty_space height=&#8221;15px&#8221;][vc_column_text css=&#8221;.vc_custom_1707155129696{padding-right: 25px !important;padding-left: 25px !important;}&#8221; el_class=&#8221;espaipersonal&#8221;]<\/p>\n<p style=\"text-align: center;\">Laia Junc\u00e0 \u2022 Gemma Massana \u2022 Noem\u00ed Mauri \u2022 Olga Mayordomo<\/p>\n<p>[\/vc_column_text][vc_empty_space][\/vc_column_inner][\/vc_row_inner][vc_row_inner equal_height=&#8221;yes&#8221; gap=&#8221;10&#8243; css=&#8221;.vc_custom_1463143174201{margin-right: 50px !important;margin-left: 50px !important;}&#8221;][vc_column_inner width=&#8221;1\/2&#8243; css=&#8221;.vc_custom_1463142915273{border-top-width: 5px !important;border-right-width: 5px !important;border-bottom-width: 5px !important;border-left-width: 5px !important;background-color: #fafafa !important;border-left-color: #ffffff !important;border-right-color: #ffffff !important;border-top-color: #ffffff !important;border-bottom-color: #ffffff !important;}&#8221;][vc_empty_space height=&#8221;24px&#8221;][vc_column_text]<\/p>\n<h3 style=\"text-align: center;\"><span style=\"color: #bad648;\">PSIC\u00d2LEGS CL\u00cdNICS<\/span><\/h3>\n<p>[\/vc_column_text][vc_empty_space height=&#8221;15px&#8221;][vc_column_text css=&#8221;.vc_custom_1722009252045{padding-right: 25px !important;padding-left: 25px !important;}&#8221; el_class=&#8221;espaipersonal&#8221;]<\/p>\n<p style=\"text-align: center;\">Dolors Castells (Coordinadora)<\/p>\n<p>[\/vc_column_text][vc_empty_space][\/vc_column_inner][vc_column_inner width=&#8221;1\/2&#8243; css=&#8221;.vc_custom_1463142937780{border-top-width: 5px !important;border-right-width: 5px !important;border-bottom-width: 5px !important;border-left-width: 5px !important;background-color: #fafafa !important;border-left-color: #ffffff !important;border-right-color: #ffffff !important;border-top-color: #ffffff !important;border-bottom-color: #ffffff !important;}&#8221;][vc_empty_space height=&#8221;24px&#8221;][vc_column_text]<\/p>\n<h3 style=\"text-align: center;\"><span style=\"color: #bad648;\">LOGOPEDES<\/span><\/h3>\n<p>[\/vc_column_text][vc_empty_space height=&#8221;15px&#8221;][vc_column_text css=&#8221;.vc_custom_1722009230254{padding-right: 25px !important;padding-left: 25px !important;}&#8221; el_class=&#8221;espaipersonal&#8221;]<\/p>\n<p style=\"text-align: center;\">Meritxell Abadal \u2022 Carme P\u00e0mies (Directora)<\/p>\n<p>[\/vc_column_text][vc_empty_space][\/vc_column_inner][\/vc_row_inner][vc_row_inner equal_height=&#8221;yes&#8221; gap=&#8221;10&#8243; css=&#8221;.vc_custom_1463143174201{margin-right: 50px !important;margin-left: 50px !important;}&#8221;][vc_column_inner width=&#8221;1\/2&#8243; css=&#8221;.vc_custom_1463142915273{border-top-width: 5px !important;border-right-width: 5px !important;border-bottom-width: 5px !important;border-left-width: 5px !important;background-color: #fafafa !important;border-left-color: #ffffff !important;border-right-color: #ffffff !important;border-top-color: #ffffff !important;border-bottom-color: #ffffff !important;}&#8221;][vc_empty_space height=&#8221;24px&#8221;][vc_column_text]<\/p>\n<h3 style=\"text-align: center;\"><span style=\"color: #bad648;\">ADMINISTRACI\u00d3<\/span><\/h3>\n<p>[\/vc_column_text][vc_empty_space height=&#8221;15px&#8221;][vc_column_text css=&#8221;.vc_custom_1627979456943{padding-right: 25px !important;padding-left: 25px !important;}&#8221; el_class=&#8221;espaipersonal&#8221;]<\/p>\n<p style=\"text-align: center;\">Olga Muntsant<\/p>\n<p>[\/vc_column_text][vc_empty_space][\/vc_column_inner][vc_column_inner width=&#8221;1\/2&#8243; css=&#8221;.vc_custom_1463142937780{border-top-width: 5px !important;border-right-width: 5px !important;border-bottom-width: 5px !important;border-left-width: 5px !important;background-color: #fafafa !important;border-left-color: #ffffff !important;border-right-color: #ffffff !important;border-top-color: #ffffff !important;border-bottom-color: #ffffff !important;}&#8221;][vc_empty_space height=&#8221;24px&#8221;][vc_column_text]<\/p>\n<h3 style=\"text-align: center;\"><span style=\"color: #bad648;\">ATENCI\u00d3 A L&#8217;\u00a0USUARI<\/span><\/h3>\n<p>[\/vc_column_text][vc_empty_space height=&#8221;15px&#8221;][vc_column_text css=&#8221;.vc_custom_1627979475865{padding-right: 25px !important;padding-left: 25px !important;}&#8221; el_class=&#8221;espaipersonal&#8221;]<\/p>\n<p style=\"text-align: center;\">Maria Segal\u00e8s<\/p>\n<p>[\/vc_column_text][vc_empty_space][\/vc_column_inner][\/vc_row_inner][\/vc_column][\/vc_row]<\/p>\n","protected":false},"excerpt":{"rendered":"<p>[vc_row content_full_width=&#8221;1&#8243;][vc_column][vc_separator][\/vc_column][\/vc_row][vc_row][vc_column][vc_empty_space][vc_column_text] Qu\u00e8 \u00e9s CDIAP Caldes? [\/vc_column_text][vc_empty_space height=&#8221;48px&#8221;][\/vc_column][\/vc_row][vc_row content_full_width=&#8221;1&#8243;][vc_column][vc_single_image image=&#8221;6665&#8243; img_size=&#8221;full&#8221; alignment=&#8221;center&#8221;][vc_empty_space][\/vc_column][\/vc_row][vc_row][vc_column][vc_empty_space][vc_column_text] El CDIAP\u00a0Caldes \u00e9s un servei p\u00fablic, universal i gratu\u00eft, que est\u00e0 integrat en el Departament de Treball, Afers Socials i Fam\u00edlies de la Generalitat de Catalunya. [\/vc_column_text][vc_empty_space height=&#8221;50px&#8221;][\/vc_column][\/vc_row][vc_row css=&#8221;.vc_custom_1625763592301{background-color: #fafafa !important;}&#8221; el_id=&#8221;qui&#8221; el_class=&#8221;colorgris&#8221;][vc_column width=&#8221;1\/2&#8243;][vc_empty_space height=&#8221;50px&#8221;][vc_row_inner][vc_column_inner][vc_column_text] Per a qui? [\/vc_column_text][vc_empty_space][vc_column_text]El CDIAP at\u00e9n infants de [&hellip;]<\/p>\n","protected":false},"author":8,"featured_media":0,"parent":0,"menu_order":0,"comment_status":"closed","ping_status":"closed","template":"","meta":{"footnotes":""},"class_list":["post-5974","page","type-page","status-publish","hentry"],"post_mailing_queue_ids":[],"_links":{"self":[{"href":"https:\/\/capivo.cat\/ca\/wp-json\/wp\/v2\/pages\/5974","targetHints":{"allow":["GET"]}}],"collection":[{"href":"https:\/\/capivo.cat\/ca\/wp-json\/wp\/v2\/pages"}],"about":[{"href":"https:\/\/capivo.cat\/ca\/wp-json\/wp\/v2\/types\/page"}],"author":[{"embeddable":true,"href":"https:\/\/capivo.cat\/ca\/wp-json\/wp\/v2\/users\/8"}],"replies":[{"embeddable":true,"href":"https:\/\/capivo.cat\/ca\/wp-json\/wp\/v2\/comments?post=5974"}],"version-history":[{"count":47,"href":"https:\/\/capivo.cat\/ca\/wp-json\/wp\/v2\/pages\/5974\/revisions"}],"predecessor-version":[{"id":6890,"href":"https:\/\/capivo.cat\/ca\/wp-json\/wp\/v2\/pages\/5974\/revisions\/6890"}],"wp:attachment":[{"href":"https:\/\/capivo.cat\/ca\/wp-json\/wp\/v2\/media?parent=5974"}],"curies":[{"name":"wp","href":"https:\/\/api.w.org\/{rel}","templated":true}]}}