{"id":5958,"date":"2015-10-07T03:51:09","date_gmt":"2015-10-07T03:51:09","guid":{"rendered":"http:\/\/capivo.cat\/ca\/main\/"},"modified":"2021-09-21T11:09:53","modified_gmt":"2021-09-21T11:09:53","slug":"main","status":"publish","type":"page","link":"https:\/\/capivo.cat\/ca\/","title":{"rendered":"Main"},"content":{"rendered":"<p>[vc_row content_full_width=&#8221;1&#8243; css=&#8221;.vc_custom_1625746689851{margin-top: -12px !important;margin-bottom: -35px !important;}&#8221; el_class=&#8221;bajar&#8221;][vc_column][vc_images_carousel images=&#8221;5562,5563&#8243; img_size=&#8221;full&#8221; onclick=&#8221;link_no&#8221; autoplay=&#8221;yes&#8221; hide_pagination_control=&#8221;yes&#8221; hide_prev_next_buttons=&#8221;yes&#8221; wrap=&#8221;yes&#8221;][vc_row_inner el_class=&#8221;bg-img-none margin-t-40&#8243; css=&#8221;.vc_custom_1464786192890{padding-top: 20px !important;padding-right: 10% !important;padding-bottom: 10px !important;padding-left: 10% !important;background-color: rgba(255,255,255,0.8) !important;background-position: center !important;background-repeat: no-repeat !important;background-size: cover !important;*background-color: rgb(255,255,255) !important;}&#8221; el_id=&#8221;serveis&#8221;][vc_column_inner offset=&#8221;vc_col-lg-3 vc_col-md-12 vc_col-xs-12&#8243; css=&#8221;.vc_custom_1462551288159{padding-top: 0px !important;}&#8221;][vc_single_image image=&#8221;5601&#8243; img_size=&#8221;full&#8221; alignment=&#8221;center&#8221; onclick=&#8221;custom_link&#8221; link=&#8221;https:\/\/capivo.cat\/#la-cooperativa-cat&#8221;][vc_column_text]<\/p>\n<p style=\"text-align: center;\"><a href=\"https:\/\/capivo.cat\/#la-cooperativa-cat\">LA COOPERATIVA<\/a><\/p>\n<p>[\/vc_column_text][vc_raw_html]JTNDZGl2JTIwaWQlM0QlMjJtYW50ZW5pbWllbnRvLWluZm9ybWF0aWNvJTIyJTNFJTNDJTJGZGl2JTNF[\/vc_raw_html][\/vc_column_inner][vc_column_inner offset=&#8221;vc_col-lg-3 vc_col-md-12 vc_col-xs-12&#8243; css=&#8221;.vc_custom_1462551298627{padding-top: 0px !important;}&#8221;][vc_single_image image=&#8221;5602&#8243; img_size=&#8221;full&#8221; alignment=&#8221;center&#8221; onclick=&#8221;custom_link&#8221; link=&#8221;https:\/\/capivo.cat\/#cdiap-granollers&#8221;][vc_column_text]<\/p>\n<p style=\"text-align: center;\"><a href=\"https:\/\/capivo.cat\/#cdiap-granollers\">CDIAP GRANOLLERS<\/a><\/p>\n<p>[\/vc_column_text][vc_raw_html]JTNDZGl2JTIwaWQlM0QlMjJyZXMlMjIlM0UlM0MlMkZkaXYlM0U=[\/vc_raw_html][\/vc_column_inner][vc_column_inner offset=&#8221;vc_col-lg-3 vc_col-md-12 vc_col-xs-12&#8243; css=&#8221;.vc_custom_1462551327908{padding-top: 0px !important;}&#8221;][vc_single_image image=&#8221;5603&#8243; img_size=&#8221;full&#8221; alignment=&#8221;center&#8221; onclick=&#8221;custom_link&#8221; link=&#8221;https:\/\/capivo.cat\/#cdiap-caldes&#8221;][vc_column_text]<\/p>\n<p style=\"text-align: center;\"><a href=\"https:\/\/capivo.cat\/#cdiap-caldes\">CDIAP CALDES<\/a><\/p>\n<p>[\/vc_column_text][vc_raw_html]JTNDZGl2JTIwaWQlM0QlMjJyZXMlMjIlM0UlM0MlMkZkaXYlM0U=[\/vc_raw_html][\/vc_column_inner][vc_column_inner offset=&#8221;vc_col-lg-3 vc_col-md-12 vc_col-xs-12&#8243; css=&#8221;.vc_custom_1462551341948{padding-top: 0px !important;}&#8221;][vc_single_image image=&#8221;5604&#8243; img_size=&#8221;full&#8221; alignment=&#8221;center&#8221; onclick=&#8221;custom_link&#8221; link=&#8221;https:\/\/capivo.cat\/#capivo-informa&#8221;][vc_column_text]<\/p>\n<p style=\"text-align: center;\"><a href=\"https:\/\/capivo.cat\/#capivo-informa\">CAPIVO INFORMA<\/a><\/p>\n<p>[\/vc_column_text][vc_raw_html]JTNDZGl2JTIwaWQlM0QlMjJyZXMlMjIlM0UlM0MlMkZkaXYlM0U=[\/vc_raw_html][\/vc_column_inner][\/vc_row_inner][vc_row_inner el_class=&#8221;bg-img-none margin-t-40&#8243; css=&#8221;.vc_custom_1467826203869{padding-top: 20px !important;padding-right: 10% !important;padding-bottom: 10px !important;padding-left: 10% !important;background-color: rgba(255,255,255,0.8) !important;background-position: center !important;background-repeat: no-repeat !important;background-size: cover !important;*background-color: rgb(255,255,255) !important;}&#8221; el_id=&#8221;serveis2&#8243;][vc_column_inner offset=&#8221;vc_col-lg-3 vc_col-md-12 vc_col-xs-12&#8243; css=&#8221;.vc_custom_1462551288159{padding-top: 0px !important;}&#8221;][vc_single_image image=&#8221;5601&#8243; img_size=&#8221;full&#8221; alignment=&#8221;center&#8221; onclick=&#8221;custom_link&#8221; link=&#8221;https:\/\/capivo.cat\/la-cooperativa\/&#8221;][vc_column_text]<\/p>\n<p style=\"text-align: center;\"><a href=\"https:\/\/capivo.cat\/la-cooperativa\/\">LA COOPERATIVA<\/a><\/p>\n<p>[\/vc_column_text][vc_raw_html]JTNDZGl2JTIwaWQlM0QlMjJtYW50ZW5pbWllbnRvLWluZm9ybWF0aWNvJTIyJTNFJTNDJTJGZGl2JTNF[\/vc_raw_html][\/vc_column_inner][vc_column_inner offset=&#8221;vc_col-lg-3 vc_col-md-12 vc_col-xs-12&#8243; css=&#8221;.vc_custom_1462551298627{padding-top: 0px !important;}&#8221;][vc_single_image image=&#8221;5602&#8243; img_size=&#8221;full&#8221; alignment=&#8221;center&#8221; onclick=&#8221;custom_link&#8221; link=&#8221;https:\/\/capivo.cat\/cdiap-granollers\/&#8221;][vc_column_text]<\/p>\n<p style=\"text-align: center;\"><a href=\"https:\/\/capivo.cat\/cdiap-granollers\/\">CDIAP GRANOLLERS<\/a><\/p>\n<p>[\/vc_column_text][vc_raw_html]JTNDZGl2JTIwaWQlM0QlMjJyZXMlMjIlM0UlM0MlMkZkaXYlM0U=[\/vc_raw_html][\/vc_column_inner][vc_column_inner offset=&#8221;vc_col-lg-3 vc_col-md-12 vc_col-xs-12&#8243; css=&#8221;.vc_custom_1462551327908{padding-top: 0px !important;}&#8221;][vc_single_image image=&#8221;5603&#8243; img_size=&#8221;full&#8221; alignment=&#8221;center&#8221; onclick=&#8221;custom_link&#8221; link=&#8221;https:\/\/capivo.cat\/cdiap-caldes\/&#8221;][vc_column_text]<\/p>\n<p style=\"text-align: center;\"><a href=\"https:\/\/capivo.cat\/cdiap-caldes\/\">CDIAP CALDES<\/a><\/p>\n<p>[\/vc_column_text][vc_raw_html]JTNDZGl2JTIwaWQlM0QlMjJyZXMlMjIlM0UlM0MlMkZkaXYlM0U=[\/vc_raw_html][\/vc_column_inner][vc_column_inner offset=&#8221;vc_col-lg-3 vc_col-md-12 vc_col-xs-12&#8243; css=&#8221;.vc_custom_1462551341948{padding-top: 0px !important;}&#8221;][vc_single_image image=&#8221;5604&#8243; img_size=&#8221;full&#8221; alignment=&#8221;center&#8221; onclick=&#8221;custom_link&#8221; link=&#8221;https:\/\/capivo.cat\/blog\/&#8221;][vc_column_text]<\/p>\n<p style=\"text-align: center;\"><a href=\"https:\/\/capivo.cat\/blog\/\">CAPIVO INFORMA<\/a><\/p>\n<p>[\/vc_column_text][vc_raw_html]JTNDZGl2JTIwaWQlM0QlMjJyZXMlMjIlM0UlM0MlMkZkaXYlM0U=[\/vc_raw_html][\/vc_column_inner][\/vc_row_inner][vc_separator el_class=&#8221;linea-serveis&#8221;][\/vc_column][\/vc_row][vc_row content_full_width=&#8221;1&#8243; same_height=&#8221;1&#8243; overflow_hidden=&#8221;1&#8243; el_id=&#8221;la-cooperativa-cat&#8221;][vc_column content_vertical_center=&#8221;true&#8221; background_position_custom=&#8221;100%&#8221; css=&#8221;.vc_custom_1495634160506{padding-top: 0px !important;padding-right: 0px !important;padding-left: 0px !important;background-image: url(https:\/\/capivo.cat\/wp-content\/uploads\/2015\/10\/foto-home-capivo.png?id=5612) !important;background-position: center !important;background-repeat: no-repeat !important;background-size: cover !important;}&#8221; offset=&#8221;vc_col-lg-6 vc_col-xs-12 vc_hidden-xs&#8221;][vc_empty_space height=&#8221;800px&#8221;][\/vc_column][vc_column css=&#8221;.vc_custom_1462965022495{padding-top: 74px !important;padding-right: 5% !important;padding-bottom: 74px !important;padding-left: 5% !important;}&#8221; offset=&#8221;vc_col-lg-6 vc_col-xs-12&#8243;][vc_row_inner][vc_column_inner width=&#8221;1\/6&#8243;][\/vc_column_inner][vc_column_inner width=&#8221;2\/3&#8243;][vc_wp_text el_class=&#8221;tamanymovil&#8221;]<\/p>\n<h2><span style=\"color: #75c6ba;\">Capivo,<br \/>\nla cooperativa<br \/>\n<\/span><\/h2>\n<p>[\/vc_wp_text][vc_empty_space height=&#8221;5px&#8221;][vc_wp_text]<\/p>\n<h3>Atenci\u00f3, assessorament i formaci\u00f3<br \/>\nen la petita inf\u00e0ncia<\/h3>\n<p>[\/vc_wp_text][vc_empty_space height=&#8221;5px&#8221;][vc_column_text]Som una cooperativa d\u2019iniciativa social i sense \u00e0nim de lucre que gestiona 2 CDIAP i fa assessorament i formaci\u00f3 en la petita inf\u00e0ncia.[\/vc_column_text][vc_btn title=&#8221;llegir m\u00e9s&#8221; shape=&#8221;square&#8221; button_text_color=&#8221;#75c6ba&#8221; el_class=&#8221;leer-mas-home&#8221; link=&#8221;url:http%3A%2F%2Fcapivo.cat%2Fca%2Fla-cooperativa%2F||&#8221;][cms_fancybox_single icon_type=&#8221;rticon&#8221; icon_rticon=&#8221;rt-icon-star-outline&#8221; button_type=&#8221;text&#8221; button_link=&#8221;https:\/\/capivo.cat\/ca\/la-cooperativa\/#qui-som&#8221; button_text=&#8221;Qui som?&#8221; effect=&#8221;wow bounce&#8221; box_padding=&#8221;0 0 10px 0&#8243; icon_wrapper_background_img=&#8221;5609&#8243; button_text_color=&#8221;#000000&#8243; icon_size=&#8221;21px&#8221; cms_template=&#8221;cms_fancybox_single&#8211;layout1.php&#8221;][cms_fancybox_single icon_type=&#8221;rticon&#8221; icon_rticon=&#8221;rt-icon-like&#8221; button_type=&#8221;text&#8221; button_link=&#8221;https:\/\/capivo.cat\/ca\/la-cooperativa\/#valors&#8221; button_text=&#8221;Missi\u00f3, visi\u00f3 i valors&#8221; box_padding=&#8221;0 0 10px 0&#8243; icon_wrapper_background_img=&#8221;5609&#8243; cms_template=&#8221;cms_fancybox_single&#8211;layout1.php&#8221;][cms_fancybox_single icon_type=&#8221;rticon&#8221; icon_rticon=&#8221;rt-icon-bulb&#8221; button_type=&#8221;text&#8221; button_link=&#8221;https:\/\/capivo.cat\/ca\/la-cooperativa\/#professionals&#8221; button_text=&#8221;Professionals&#8221; box_padding=&#8221;0 0 10px 0&#8243; icon_wrapper_background_img=&#8221;5609&#8243; cms_template=&#8221;cms_fancybox_single&#8211;layout1.php&#8221;][cms_fancybox_single icon_type=&#8221;rticon&#8221; icon_rticon=&#8221;rt-icon-bulb&#8221; button_type=&#8221;text&#8221; button_link=&#8221;https:\/\/capivo.cat\/ca\/la-cooperativa\/#agira&#8221; button_text=&#8221;Assessorament i formaci\u00f3&#8221; icon_wrapper_background_img=&#8221;5609&#8243; cms_template=&#8221;cms_fancybox_single&#8211;layout1.php&#8221;][\/vc_column_inner][vc_column_inner width=&#8221;1\/6&#8243;][\/vc_column_inner][\/vc_row_inner][vc_raw_html]JTNDZGl2JTIwaWQlM0QlMjJzb2x1Y2lvbmVzLXNpc3RlbWFzLWNsb3VkJTIyJTNFJTNDJTJGZGl2JTNF[\/vc_raw_html][\/vc_column][\/vc_row][vc_row content_full_width=&#8221;1&#8243; same_height=&#8221;1&#8243; overflow_hidden=&#8221;1&#8243; el_id=&#8221;cdiap-granollers&#8221;][vc_column offset=&#8221;vc_col-lg-6 vc_col-xs-12&#8243; css=&#8221;.vc_custom_1464086355521{padding-right: 16% !important;padding-left: 16% !important;}&#8221;][vc_row_inner][vc_column_inner][vc_empty_space height=&#8221;80px&#8221;][vc_column_text font_size=&#8221;24px&#8221; el_class=&#8221;tamanymovil&#8221;]<\/p>\n<h2><span style=\"color: #d86a40;\">CDIAP<br \/>\nGranollers<br \/>\n<\/span><\/h2>\n<p>[\/vc_column_text][vc_empty_space height=&#8221;40px&#8221;][vc_column_text font_size=&#8221;24px&#8221;]<\/p>\n<h3>Centre de Desenvolupament Infantil<br \/>\ni Atenci\u00f3 Preco\u00e7 Granollers<\/h3>\n<p>[\/vc_column_text][vc_empty_space height=&#8221;40px&#8221;][vc_column_text]\u00c9s un servei p\u00fablic, universal i gratu\u00eft que d\u00f3na atenci\u00f3 a la petita inf\u00e0ncia fent prevenci\u00f3, detecci\u00f3, diagn\u00f2stic i intervenci\u00f3 terap\u00e8utica en situacions de trastorns del desenvolupament o risc de patir-los.[\/vc_column_text][vc_btn title=&#8221;llegir m\u00e9s&#8221; shape=&#8221;square&#8221; align=&#8221;right&#8221; button_block=&#8221;true&#8221; button_width=&#8221;100%&#8221; button_text_color=&#8221;#d86a40&#8243; el_class=&#8221;leer-mas-home&#8221; link=&#8221;url:http%3A%2F%2Fcapivo.cat%2Fca%2Fcdiap-granollers%2F||&#8221;][vc_empty_space height=&#8221;25px&#8221; el_class=&#8221;h3&#8243;][cms_fancybox_single icon_type=&#8221;rticon&#8221; icon_rticon=&#8221;rt-icon-star&#8221; button_type=&#8221;text&#8221; button_link=&#8221;https:\/\/capivo.cat\/ca\/cdiap-granollers\/&#8221; button_text=&#8221;Qu\u00e8 \u00e9s?&#8221; box_padding=&#8221;0 0 10px 0&#8243; icon_wrapper_background_img=&#8221;5608&#8243; button_bg=&#8221;#d86a40&#8243; icon_size=&#8221;21px&#8221; cms_template=&#8221;cms_fancybox_single&#8211;layout1.php&#8221;][cms_fancybox_single icon_type=&#8221;rticon&#8221; icon_rticon=&#8221;rt-icon-bulb&#8221; button_type=&#8221;text&#8221; button_link=&#8221;https:\/\/capivo.cat\/ca\/cdiap-granollers\/#qui&#8221; button_text=&#8221;Per a qui?&#8221; box_padding=&#8221;0 0 10px 0&#8243; icon_wrapper_background_img=&#8221;5608&#8243; cms_template=&#8221;cms_fancybox_single&#8211;layout1.php&#8221;][cms_fancybox_single icon_type=&#8221;rticon&#8221; icon_rticon=&#8221;rt-icon-bulb&#8221; button_type=&#8221;text&#8221; button_link=&#8221;https:\/\/capivo.cat\/ca\/cdiap-granollers\/#com&#8221; button_text=&#8221;Com accedir?&#8221; box_padding=&#8221;0 0 10px 0&#8243; icon_wrapper_background_img=&#8221;5608&#8243; cms_template=&#8221;cms_fancybox_single&#8211;layout1.php&#8221;][cms_fancybox_single icon_type=&#8221;rticon&#8221; icon_rticon=&#8221;rt-icon-bulb&#8221; button_type=&#8221;text&#8221; button_link=&#8221;https:\/\/capivo.cat\/ca\/cdiap-granollers\/#que&#8221; button_text=&#8221;Qu\u00e8 fem?&#8221; icon_wrapper_background_img=&#8221;5608&#8243; cms_template=&#8221;cms_fancybox_single&#8211;layout1.php&#8221;][\/vc_column_inner][\/vc_row_inner][\/vc_column][vc_column background_position_custom=&#8221;100%&#8221; offset=&#8221;vc_col-lg-6 vc_col-xs-12&#8243; css=&#8221;.vc_custom_1495635265346{background-image: url(https:\/\/capivo.cat\/wp-content\/uploads\/2015\/10\/foto-home-cediap-grano.png?id=5617) !important;background-position: center !important;background-repeat: no-repeat !important;background-size: cover !important;}&#8221;][vc_empty_space height=&#8221;800px&#8221;][\/vc_column][\/vc_row][vc_row content_full_width=&#8221;1&#8243; same_height=&#8221;1&#8243; overflow_hidden=&#8221;1&#8243; el_id=&#8221;cdiap-caldes&#8221;][vc_column content_vertical_center=&#8221;true&#8221; background_position_custom=&#8221;100%&#8221; css=&#8221;.vc_custom_1495642234906{padding-top: 0px !important;padding-right: 0px !important;padding-left: 0px !important;background-image: url(https:\/\/capivo.cat\/wp-content\/uploads\/2015\/10\/foto-home-cediap-caldas.png?id=5660) !important;background-position: center !important;background-repeat: no-repeat !important;background-size: cover !important;}&#8221; offset=&#8221;vc_col-lg-6 vc_col-xs-12 vc_hidden-xs&#8221;][vc_empty_space height=&#8221;800px&#8221;][\/vc_column][vc_column css=&#8221;.vc_custom_1462965022495{padding-top: 74px !important;padding-right: 5% !important;padding-bottom: 74px !important;padding-left: 5% !important;}&#8221; offset=&#8221;vc_col-lg-6 vc_col-xs-12&#8243;][vc_row_inner][vc_column_inner width=&#8221;1\/6&#8243;][\/vc_column_inner][vc_column_inner width=&#8221;2\/3&#8243;][vc_wp_text el_class=&#8221;tamanymovil&#8221;]<\/p>\n<h2><span style=\"color: #bad648;\">CDIAP<br \/>\nCaldes<\/span><\/h2>\n<p>[\/vc_wp_text][vc_empty_space height=&#8221;5px&#8221;][vc_wp_text]<\/p>\n<h3>Centre de Desenvolupament Infantil<br \/>\ni Atenci\u00f3 Preco\u00e7 Caldes<\/h3>\n<p>[\/vc_wp_text][vc_empty_space height=&#8221;5px&#8221;][vc_column_text]Servei gratu\u00eft d&#8217;atenci\u00f3 a la petita inf\u00e0ncia\u00a0de prevenci\u00f3, detecci\u00f3, diagn\u00f2stic i intervenci\u00f3 terap\u00e8utica en situacions de trastorns del desenvolupament o risc de patir-los.\u00a0Valoraci\u00f3\u00a0de\u00a0nivells auditius.[\/vc_column_text][vc_btn title=&#8221;llegir m\u00e9s&#8221; shape=&#8221;square&#8221; button_text_color=&#8221;#a6bf3e&#8221; el_class=&#8221;leer-mas-home&#8221; link=&#8221;url:http%3A%2F%2Fcapivo.cat%2Fca%2Fcdiap-caldes%2F||&#8221;][cms_fancybox_single icon_type=&#8221;rticon&#8221; icon_rticon=&#8221;rt-icon-star&#8221; button_type=&#8221;text&#8221; button_link=&#8221;https:\/\/capivo.cat\/ca\/cdiap-caldes\/&#8221; button_text=&#8221;Qu\u00e8 \u00e9s?&#8221; box_padding=&#8221;0 0 10px 0&#8243; icon_wrapper_background_img=&#8221;5613&#8243; icon_size=&#8221;21px&#8221; cms_template=&#8221;cms_fancybox_single&#8211;layout1.php&#8221;][cms_fancybox_single icon_type=&#8221;rticon&#8221; icon_rticon=&#8221;rt-icon-like&#8221; button_type=&#8221;text&#8221; button_link=&#8221;https:\/\/capivo.cat\/ca\/cdiap-caldes\/#qui&#8221; button_text=&#8221;Per a qui?&#8221; box_padding=&#8221;0 0 10px 0&#8243; icon_wrapper_background_img=&#8221;5613&#8243; cms_template=&#8221;cms_fancybox_single&#8211;layout1.php&#8221;][cms_fancybox_single icon_type=&#8221;rticon&#8221; icon_rticon=&#8221;rt-icon-bulb&#8221; button_type=&#8221;text&#8221; button_link=&#8221;https:\/\/capivo.cat\/ca\/cdiap-caldes\/#com&#8221; button_text=&#8221;Com accedir?&#8221; box_padding=&#8221;0 0 10px 0&#8243; icon_wrapper_background_img=&#8221;5613&#8243; cms_template=&#8221;cms_fancybox_single&#8211;layout1.php&#8221;][cms_fancybox_single icon_type=&#8221;rticon&#8221; icon_rticon=&#8221;rt-icon-bulb&#8221; button_type=&#8221;text&#8221; button_link=&#8221;https:\/\/capivo.cat\/ca\/cdiap-caldes\/#que&#8221; button_text=&#8221;Qu\u00e8 fem?&#8221; icon_wrapper_background_img=&#8221;5613&#8243; cms_template=&#8221;cms_fancybox_single&#8211;layout1.php&#8221;][\/vc_column_inner][vc_column_inner width=&#8221;1\/6&#8243;][\/vc_column_inner][\/vc_row_inner][vc_raw_html]JTNDZGl2JTIwaWQlM0QlMjJzb2x1Y2lvbmVzLXNpc3RlbWFzLWNsb3VkJTIyJTNFJTNDJTJGZGl2JTNF[\/vc_raw_html][\/vc_column][\/vc_row][vc_row overflow_hidden=&#8221;1&#8243; bg_style=&#8221;img_fixed&#8221; css=&#8221;.vc_custom_1625747417559{margin-top: -1px !important;padding-top: 84px !important;padding-bottom: 90px !important;background-color: #f8f8f8 !important;}&#8221; el_id=&#8221;capivo-informa&#8221; el_class=&#8221;bajar2&#8243;][vc_column center_content=&#8221;true&#8221; css=&#8221;.vc_custom_1449804518883{padding-right: 0px !important;padding-left: 0px !important;}&#8221;][vc_empty_space height=&#8221;20&#8243;][vc_column_text]<\/p>\n<h2><span style=\"color: #cf5cad;\">Capivo informa<\/span><\/h2>\n<p>[\/vc_column_text][vc_empty_space height=&#8221;84px&#8221;][cms_carousel xsmall_items=&#8221;1&#8243; small_items=&#8221;2&#8243; medium_items=&#8221;3&#8243; large_items=&#8221;3&#8243; loop=&#8221;false&#8221; mousedrag=&#8221;false&#8221; dots=&#8221;false&#8221; source=&#8221;size:10|order_by:date|post_type:post&#8221; cms_template=&#8221;cms_carousel.php&#8221;][vc_empty_space height=&#8221;90px&#8221;][vc_btn title=&#8221;M\u00e9s noticies&#8221; shape=&#8221;square&#8221; button_width=&#8221;170px&#8221; button_text_color=&#8221;#cf5cad&#8221; link=&#8221;url:http%3A%2F%2Fcapivo.cat%2Fca%2Fblog%2F||&#8221; el_class=&#8221;boto-blau&#8221;][vc_empty_space height=&#8221;90px&#8221;][\/vc_column][\/vc_row][vc_row content_full_width=&#8221;1&#8243; css=&#8221;.vc_custom_1495647148211{background-color: #efeeee !important;}&#8221; el_id=&#8221;soporte-remoto&#8221;][vc_column center_content=&#8221;true&#8221; css=&#8221;.vc_custom_1462878238332{padding-top: 45px !important;padding-bottom: 45px !important;}&#8221;][vc_empty_space height=&#8221;20px&#8221;][vc_column_text]<\/p>\n<div id=\"soporte4\"><\/div>\n<h2 style=\"text-align: center; color: #75c6ba;\">Entitats col\u00b7laboradores<\/h2>\n<p>[\/vc_column_text][vc_empty_space height=&#8221;50px&#8221;][vc_column_text css=&#8221;.vc_custom_1496851377973{padding-right: 25% !important;padding-left: 25% !important;}&#8221;]<\/p>\n<p style=\"text-align: center;\">Capivo col\u00b7labora activament\u00a0amb les seg\u00fcents entitats:<\/p>\n<p>[\/vc_column_text][vc_empty_space height=&#8221;50px&#8221; el_class=&#8221;h3&#8243;][vc_row_inner css=&#8221;.vc_custom_1462879084021{padding-bottom: 35px !important;background-color: #ffffff !important;}&#8221;][vc_column_inner width=&#8221;1\/4&#8243;][vc_single_image image=&#8221;5669&#8243; img_size=&#8221;full&#8221; alignment=&#8221;center&#8221; css_animation=&#8221;left-to-right&#8221;][\/vc_column_inner][vc_column_inner width=&#8221;1\/4&#8243;][vc_single_image image=&#8221;5670&#8243; img_size=&#8221;full&#8221; alignment=&#8221;center&#8221; css_animation=&#8221;top-to-bottom&#8221;][\/vc_column_inner][vc_column_inner width=&#8221;1\/4&#8243;][vc_single_image image=&#8221;5667&#8243; img_size=&#8221;full&#8221; alignment=&#8221;center&#8221; css_animation=&#8221;bottom-to-top&#8221;][\/vc_column_inner][vc_column_inner width=&#8221;1\/4&#8243;][vc_single_image image=&#8221;5668&#8243; img_size=&#8221;full&#8221; alignment=&#8221;center&#8221; css_animation=&#8221;right-to-left&#8221;][\/vc_column_inner][\/vc_row_inner][vc_row_inner css=&#8221;.vc_custom_1462879084021{padding-bottom: 35px !important;background-color: #ffffff !important;}&#8221;][vc_column_inner width=&#8221;2\/12&#8243;][\/vc_column_inner][vc_column_inner width=&#8221;2\/12&#8243;][vc_single_image image=&#8221;6459&#8243; img_size=&#8221;full&#8221; alignment=&#8221;center&#8221; css_animation=&#8221;left-to-right&#8221;][\/vc_column_inner][vc_column_inner width=&#8221;1\/12&#8243;][\/vc_column_inner][vc_column_inner width=&#8221;2\/12&#8243;][vc_single_image image=&#8221;6458&#8243; img_size=&#8221;full&#8221; alignment=&#8221;center&#8221; css_animation=&#8221;bottom-to-top&#8221;][\/vc_column_inner][vc_column_inner width=&#8221;1\/12&#8243;][\/vc_column_inner][vc_column_inner width=&#8221;2\/12&#8243;][vc_single_image image=&#8221;6457&#8243; img_size=&#8221;full&#8221; alignment=&#8221;center&#8221; css_animation=&#8221;right-to-left&#8221;][\/vc_column_inner][vc_column_inner width=&#8221;2\/12&#8243;][\/vc_column_inner][\/vc_row_inner][\/vc_column][\/vc_row]<\/p>\n","protected":false},"excerpt":{"rendered":"<p>[vc_row content_full_width=&#8221;1&#8243; css=&#8221;.vc_custom_1625746689851{margin-top: -12px !important;margin-bottom: -35px !important;}&#8221; el_class=&#8221;bajar&#8221;][vc_column][vc_images_carousel images=&#8221;5562,5563&#8243; img_size=&#8221;full&#8221; onclick=&#8221;link_no&#8221; autoplay=&#8221;yes&#8221; hide_pagination_control=&#8221;yes&#8221; hide_prev_next_buttons=&#8221;yes&#8221; wrap=&#8221;yes&#8221;][vc_row_inner el_class=&#8221;bg-img-none margin-t-40&#8243; css=&#8221;.vc_custom_1464786192890{padding-top: 20px !important;padding-right: 10% !important;padding-bottom: 10px !important;padding-left: 10% !important;background-color: rgba(255,255,255,0.8) !important;background-position: center !important;background-repeat: no-repeat !important;background-size: cover !important;*background-color: rgb(255,255,255) !important;}&#8221; el_id=&#8221;serveis&#8221;][vc_column_inner offset=&#8221;vc_col-lg-3 vc_col-md-12 vc_col-xs-12&#8243; css=&#8221;.vc_custom_1462551288159{padding-top: 0px !important;}&#8221;][vc_single_image image=&#8221;5601&#8243; img_size=&#8221;full&#8221; alignment=&#8221;center&#8221; onclick=&#8221;custom_link&#8221; link=&#8221;https:\/\/capivo.cat\/#la-cooperativa-cat&#8221;][vc_column_text] LA COOPERATIVA [\/vc_column_text][vc_raw_html]JTNDZGl2JTIwaWQlM0QlMjJtYW50ZW5pbWllbnRvLWluZm9ybWF0aWNvJTIyJTNFJTNDJTJGZGl2JTNF[\/vc_raw_html][\/vc_column_inner][vc_column_inner offset=&#8221;vc_col-lg-3 vc_col-md-12 vc_col-xs-12&#8243; css=&#8221;.vc_custom_1462551298627{padding-top: [&hellip;]<\/p>\n","protected":false},"author":8,"featured_media":0,"parent":0,"menu_order":0,"comment_status":"closed","ping_status":"closed","template":"","meta":{"footnotes":""},"class_list":["post-5958","page","type-page","status-publish","hentry"],"post_mailing_queue_ids":[],"_links":{"self":[{"href":"https:\/\/capivo.cat\/ca\/wp-json\/wp\/v2\/pages\/5958","targetHints":{"allow":["GET"]}}],"collection":[{"href":"https:\/\/capivo.cat\/ca\/wp-json\/wp\/v2\/pages"}],"about":[{"href":"https:\/\/capivo.cat\/ca\/wp-json\/wp\/v2\/types\/page"}],"author":[{"embeddable":true,"href":"https:\/\/capivo.cat\/ca\/wp-json\/wp\/v2\/users\/8"}],"replies":[{"embeddable":true,"href":"https:\/\/capivo.cat\/ca\/wp-json\/wp\/v2\/comments?post=5958"}],"version-history":[{"count":63,"href":"https:\/\/capivo.cat\/ca\/wp-json\/wp\/v2\/pages\/5958\/revisions"}],"predecessor-version":[{"id":6819,"href":"https:\/\/capivo.cat\/ca\/wp-json\/wp\/v2\/pages\/5958\/revisions\/6819"}],"wp:attachment":[{"href":"https:\/\/capivo.cat\/ca\/wp-json\/wp\/v2\/media?parent=5958"}],"curies":[{"name":"wp","href":"https:\/\/api.w.org\/{rel}","templated":true}]}}