{"id":5955,"date":"2016-04-27T14:48:26","date_gmt":"2016-04-27T14:48:26","guid":{"rendered":"http:\/\/capivo.cat\/ca\/links\/"},"modified":"2017-07-13T09:31:10","modified_gmt":"2017-07-13T09:31:10","slug":"links","status":"publish","type":"page","link":"https:\/\/capivo.cat\/ca\/links\/","title":{"rendered":"Links"},"content":{"rendered":"<p>[vc_row bg_style=&#8221;img_parallax&#8221; css=&#8221;.vc_custom_1496686659463{background-image: url(https:\/\/capivo.cat\/wp-content\/uploads\/2016\/04\/parallax.png?id=6051) !important;background-position: center !important;background-repeat: no-repeat !important;background-size: cover !important;}&#8221;][vc_column][vc_empty_space height=&#8221;65px&#8221;][vc_column_text]<\/p>\n<h2 style=\"text-align: center;\">Llistat detallat\u00a0de links d&#8217;inter\u00e8s<\/h2>\n<p>[\/vc_column_text][vc_empty_space][vc_column_text]<\/p>\n<h3><strong>Uni\u00f3 Catalana de Centres de Desenvolupament Infantil i Atenci\u00f3 Preco\u00e7: <a href=\"http:\/\/uccap.com\/\"><span style=\"color: #75c6ba;\">http:\/\/uccap.com\/<\/span><\/a><\/strong><\/h3>\n<h3><strong>Associaci\u00f3 Catalana d&#8217;Atenci\u00f3 Preco\u00e7: <a href=\"http:\/\/www.acap.cat\/\"><span style=\"color: #75c6ba;\">http:\/\/www.acap.cat\/<\/span><\/a><\/strong><\/h3>\n<h3><strong>Generalitat de Catalunya: <a href=\"http:\/\/web.gencat.cat\/ca\/inici\/\"><span style=\"color: #75c6ba;\">http:\/\/web.gencat.cat\/ca\/inici\/<\/span><\/a><\/strong><\/h3>\n<h3><strong>Revista Atenci\u00f3 Preco\u00e7: <a href=\"http:\/\/www.desenvolupa.net\/\"><span style=\"color: #75c6ba;\">http:\/\/www.desenvolupa.net\/<\/span><\/a><\/strong><\/h3>\n<h3><strong>Piscina de Granollers: <a href=\"http:\/\/www.cngranollers.org\/\"><span style=\"color: #75c6ba;\">http:\/\/www.cngranollers.org\/<\/span><\/a><\/strong><\/h3>\n<h3><strong>Hospital de Granollers: <a href=\"http:\/\/www.fphag.org\/\"><span style=\"color: #75c6ba;\">http:\/\/www.fphag.org\/<\/span><\/a><\/strong><\/h3>\n<h3><strong>Col.legi Oficial de Psic\u00f2legs de Catalunya: <a href=\"https:\/\/www.copc.cat\/\"><span style=\"color: #75c6ba;\">https:\/\/www.copc.cat\/<\/span><\/a><\/strong><\/h3>\n<h3><strong>Col.legi Oficial de Fisioterapeutes de Catalunya: <a href=\"http:\/\/www.fisioterapeutes.com\/\"><span style=\"color: #75c6ba;\">http:\/\/www.fisioterapeutes.com\/<\/span><\/a><\/strong><\/h3>\n<h3><strong>Col.legi Oficial de Pedagocs de Catalunya: <a href=\"http:\/\/www.pedagogs.cat\/\"><span style=\"color: #75c6ba;\">http:\/\/www.pedagogs.cat\/<\/span><\/a><\/strong><\/h3>\n<h3><strong>Col.legi Oficial de Treball Social de Catalunya: <a href=\"http:\/\/www.tscat.cat\/\"><span style=\"color: #75c6ba;\">http:\/\/www.tscat.cat\/<\/span><\/a><\/strong><\/h3>\n<h3><strong>Col.legi Oficial de Logopedas de Catalunya: <a href=\"http:\/\/www.clc.cat\/\"><span style=\"color: #75c6ba;\">http:\/\/www.clc.cat\/<\/span><\/a><\/strong><\/h3>\n<h3><strong>Col.legi Oficial de Metges\u00a0de Barcelona: <a href=\"http:\/\/www.comb.cat\/\"><span style=\"color: #75c6ba;\">http:\/\/www.comb.cat\/<\/span><\/a><\/strong><\/h3>\n<h3><strong>Federaci\u00f3 de Cooperatives de Treball de Catalunya: <a href=\"http:\/\/www.cooperativestreball.coop\/\"><span style=\"color: #75c6ba;\">http:\/\/www.cooperativestreball.coop\/<\/span><\/a><\/strong><\/h3>\n<p>[\/vc_column_text][vc_row_inner][vc_column_inner][vc_empty_space height=&#8221;80px&#8221;][\/vc_column_inner][\/vc_row_inner][\/vc_column][\/vc_row]<\/p>\n","protected":false},"excerpt":{"rendered":"<p>[vc_row bg_style=&#8221;img_parallax&#8221; css=&#8221;.vc_custom_1496686659463{background-image: url(https:\/\/capivo.cat\/wp-content\/uploads\/2016\/04\/parallax.png?id=6051) !important;background-position: center !important;background-repeat: no-repeat !important;background-size: cover !important;}&#8221;][vc_column][vc_empty_space height=&#8221;65px&#8221;][vc_column_text] Llistat detallat\u00a0de links d&#8217;inter\u00e8s [\/vc_column_text][vc_empty_space][vc_column_text] Uni\u00f3 Catalana de Centres de Desenvolupament Infantil i Atenci\u00f3 Preco\u00e7: http:\/\/uccap.com\/ Associaci\u00f3 Catalana d&#8217;Atenci\u00f3 Preco\u00e7: http:\/\/www.acap.cat\/ Generalitat de Catalunya: http:\/\/web.gencat.cat\/ca\/inici\/ Revista Atenci\u00f3 Preco\u00e7: http:\/\/www.desenvolupa.net\/ Piscina de Granollers: http:\/\/www.cngranollers.org\/ Hospital de Granollers: http:\/\/www.fphag.org\/ Col.legi Oficial de Psic\u00f2legs de Catalunya: [&hellip;]<\/p>\n","protected":false},"author":8,"featured_media":0,"parent":0,"menu_order":0,"comment_status":"closed","ping_status":"closed","template":"","meta":{"footnotes":""},"class_list":["post-5955","page","type-page","status-publish","hentry"],"post_mailing_queue_ids":[],"_links":{"self":[{"href":"https:\/\/capivo.cat\/ca\/wp-json\/wp\/v2\/pages\/5955","targetHints":{"allow":["GET"]}}],"collection":[{"href":"https:\/\/capivo.cat\/ca\/wp-json\/wp\/v2\/pages"}],"about":[{"href":"https:\/\/capivo.cat\/ca\/wp-json\/wp\/v2\/types\/page"}],"author":[{"embeddable":true,"href":"https:\/\/capivo.cat\/ca\/wp-json\/wp\/v2\/users\/8"}],"replies":[{"embeddable":true,"href":"https:\/\/capivo.cat\/ca\/wp-json\/wp\/v2\/comments?post=5955"}],"version-history":[{"count":7,"href":"https:\/\/capivo.cat\/ca\/wp-json\/wp\/v2\/pages\/5955\/revisions"}],"predecessor-version":[{"id":6308,"href":"https:\/\/capivo.cat\/ca\/wp-json\/wp\/v2\/pages\/5955\/revisions\/6308"}],"wp:attachment":[{"href":"https:\/\/capivo.cat\/ca\/wp-json\/wp\/v2\/media?parent=5955"}],"curies":[{"name":"wp","href":"https:\/\/api.w.org\/{rel}","templated":true}]}}