{"id":5952,"date":"2017-06-01T10:56:34","date_gmt":"2017-06-01T10:56:34","guid":{"rendered":"http:\/\/capivo.cat\/ca\/la-cooperativa\/"},"modified":"2024-07-26T15:44:33","modified_gmt":"2024-07-26T15:44:33","slug":"la-cooperativa","status":"publish","type":"page","link":"https:\/\/capivo.cat\/ca\/la-cooperativa\/","title":{"rendered":"la cooperativa"},"content":{"rendered":"<p>[vc_row content_full_width=&#8221;1&#8243;][vc_column][vc_separator][\/vc_column][\/vc_row][vc_row css=&#8221;.vc_custom_1496689351032{background-color: #ffffff !important;}&#8221; el_id=&#8221;qui-som&#8221;][vc_column width=&#8221;1\/2&#8243;][vc_empty_space height=&#8221;10px&#8221;][vc_row_inner][vc_column_inner][vc_empty_space height=&#8221;10px&#8221;][vc_column_text]<\/p>\n<h2><span style=\"color: #75c6ba;\">Qui som?<\/span><\/h2>\n<p>[\/vc_column_text][vc_empty_space][vc_column_text]CAPIVO SCCL (Centre d\u2019atenci\u00f3 a la primera inf\u00e0ncia del Vall\u00e8s Oriental) som una Cooperativa de Treball Associat d\u2019Iniciativa Social sense afany de lucre que v\u00e0rem iniciar la nostra activitat social l\u2019any 1990.[\/vc_column_text][vc_empty_space][vc_column_text]<strong>La cooperativa est\u00e0 formada per un grup de professionals de diferents disciplines especialitzats en la petita inf\u00e0ncia<\/strong>. Desenvolupem la nostra tasca en el Centre de Desenvolupament Infantil i Atenci\u00f3 Preco\u00e7, CDIAP Granollers i CDIAP Caldes.[\/vc_column_text][vc_empty_space][vc_column_text]<strong>El principal objectiu principal de la cooperativa \u00e9s l\u2019atenci\u00f3 als infants amb dificultats en el seu desenvolupament o en risc de partir-ne i tamb\u00e9 atendre a les seves fam\u00edlies,<\/strong> des d\u2019un model interdisciplinari, per tal de contribuir a millorar la seva qualitat de vida, tenint en compte tant la prevenci\u00f3, la detecci\u00f3 i l\u2019assist\u00e8ncia; aix\u00ed com el suport i formaci\u00f3 de l\u2019entorn desenvolupant tasques d\u2019assessorament, formaci\u00f3, doc\u00e8ncia i investigaci\u00f3.[\/vc_column_text][vc_empty_space height=&#8221;50px&#8221;][\/vc_column_inner][\/vc_row_inner][\/vc_column][vc_column width=&#8221;1\/2&#8243;][vc_empty_space height=&#8221;50px&#8221;][vc_single_image image=&#8221;5904&#8243; img_size=&#8221;full&#8221; alignment=&#8221;center&#8221; css_animation=&#8221;right-to-left&#8221;][\/vc_column][\/vc_row][vc_row overlay_background=&#8221;#fafafa&#8221; css=&#8221;.vc_custom_1722006279189{background-color: #fafafa !important;}&#8221;][vc_column][vc_empty_space height=&#8221;40&#8243;][vc_row_inner][vc_column_inner][vc_empty_space height=&#8221;10px&#8221;][vc_column_text]<\/p>\n<h2><span style=\"color: #75c6ba;\">Organigrama<\/span><\/h2>\n<p>[\/vc_column_text][vc_single_image image=&#8221;6875&#8243; img_size=&#8221;full&#8221; alignment=&#8221;center&#8221; css_animation=&#8221;none&#8221;][\/vc_column_inner][\/vc_row_inner][\/vc_column][\/vc_row][vc_row css=&#8221;.vc_custom_1625761053860{background-color: #fafafa !important;}&#8221; el_id=&#8221;valors&#8221; el_class=&#8221;colorgris&#8221;][vc_column width=&#8221;1\/2&#8243;][vc_empty_space height=&#8221;225&#8243;][vc_single_image image=&#8221;5902&#8243; img_size=&#8221;full&#8221; alignment=&#8221;center&#8221; css_animation=&#8221;left-to-right&#8221;][\/vc_column][vc_column width=&#8221;1\/2&#8243;][vc_empty_space height=&#8221;50px&#8221;][vc_row_inner][vc_column_inner][vc_column_text]<\/p>\n<h2><span style=\"color: #75c6ba;\">Missi\u00f3<\/span><\/h2>\n<p>[\/vc_column_text][vc_empty_space][vc_column_text]Contribuir en el benestar i la millora de la salut dels infants d\u2019entre 0 i 5 anys i 11 mesos, i ajudar en la prevenci\u00f3 de les dificultats o dels possibles trastorns de desenvolupament d\u2019aquesta poblaci\u00f3.<\/p>\n<p>[\/vc_column_text][vc_empty_space][vc_column_text]<\/p>\n<h2><span style=\"color: #75c6ba;\">Visi\u00f3<br \/>\n<\/span><\/h2>\n<p>[\/vc_column_text][vc_empty_space][vc_column_text]Continuar i millorar la qualitat assistencial que oferim a fam\u00edlies i infants \u00e9ssent el referent de l\u2019atenci\u00f3 i prevenci\u00f3 del desenvolupament bio-psico-social dels infants de 0 a 5 anys i 11 mesos.[\/vc_column_text][vc_empty_space][vc_column_text]<\/p>\n<h2><span style=\"color: #75c6ba;\">Valors<\/span><\/h2>\n<p>[\/vc_column_text][vc_empty_space][vc_column_text]<strong>Democr\u00e0cia i transpar\u00e8ncia:<\/strong> basant-nos en un sistema de gesti\u00f3 democr\u00e0tica i participativa.<\/p>\n<p><strong>Responsabilitat social:<\/strong> tenint en compte la sostenibilitat dels recursos de la cooperativa i mediambientals, la solidaritat, l\u2019\u00e8tica en l\u2019atenci\u00f3 als usuaris i col\u00b7laboradors.<\/p>\n<p><strong>Ocupaci\u00f3 de qualitat:<\/strong> vetllant per l\u2019ocupaci\u00f3 estable, la conciliaci\u00f3 familiar, la jornada laboral, etc&#8230;<\/p>\n<p><strong>Formaci\u00f3 continuada, innovaci\u00f3 i actualitzaci\u00f3 constant:<\/strong> elaborant accions formatives per millorar les compet\u00e8ncies i les actituds dels professionals i actualitzant els recursos per tal de millorar la qualitat de l\u2019atenci\u00f3. Tamb\u00e9 oferint accions formatives i rebent assessorament dins l\u2019\u00e0mbit cooperativista.<\/p>\n<p><strong>Treball en equip i en xarxa :<\/strong> intervenint abans de l\u2019aparici\u00f3 de possibles dificultats.<\/p>\n<p><strong>Proximitat:<\/strong> potenciant l\u2019atenci\u00f3 individual i personalitzada de l\u2019infant i les seves fam\u00edlies.[\/vc_column_text][vc_empty_space height=&#8221;60px&#8221;][\/vc_column_inner][\/vc_row_inner][\/vc_column][\/vc_row][vc_row css=&#8221;.vc_custom_1496689400313{background-color: #ffffff !important;}&#8221; el_id=&#8221;professionals&#8221;][vc_column width=&#8221;1\/2&#8243;][vc_empty_space height=&#8221;50px&#8221;][vc_row_inner][vc_column_inner][vc_column_text]<\/p>\n<h2><span style=\"color: #75c6ba;\">Professionals<\/span><\/h2>\n<p>[\/vc_column_text][vc_empty_space][vc_column_text]La cooperativa disposa d&#8217;un equip multidisciplinari de professionals especialitzats en desenvolupament infantil, composat per les seg\u00fcents disciplines:[\/vc_column_text][vc_empty_space][vc_column_text]<\/p>\n<h4>Fisioter\u00e0pia<\/h4>\n<h4>Logop\u00e8dia<\/h4>\n<h4>Neuropediatria<\/h4>\n<h4>Pedagogia<\/h4>\n<h4>Psicolog\u00eda y psicolog\u00eda cl\u00ednica<\/h4>\n<h4>Treball social<\/h4>\n<h4>Administraci\u00f3<\/h4>\n<h4>Assessor-Consultor<\/h4>\n<p>[\/vc_column_text][vc_empty_space height=&#8221;50px&#8221;][\/vc_column_inner][\/vc_row_inner][\/vc_column][vc_column width=&#8221;1\/2&#8243;][vc_empty_space height=&#8221;30px&#8221;][vc_single_image image=&#8221;5908&#8243; img_size=&#8221;full&#8221; alignment=&#8221;center&#8221; css_animation=&#8221;right-to-left&#8221;][\/vc_column][\/vc_row][vc_row css=&#8221;.vc_custom_1625761172543{background-color: #fafafa !important;}&#8221; el_id=&#8221;agira&#8221; el_class=&#8221;colorgris&#8221;][vc_column][vc_empty_space height=&#8221;50px&#8221;][vc_row_inner][vc_column_inner][vc_column_text]<\/p>\n<h2><span style=\"color: #75c6ba;\">Assessorament i formaci\u00f3<br \/>\n<\/span><\/h2>\n<p>[\/vc_column_text][vc_empty_space][vc_column_text]A partir de l&#8217;any 2015, a petici\u00f3 d&#8217;algunes escoles bressol, es<br \/>\nrealitza una aposta com a cooperativa per tal d&#8217;oferir formaci\u00f3 i<br \/>\nassessorament a les educadores infantils. La intenci\u00f3 \u00e9s poder aprofundir i<br \/>\nreflexionar sobre temes relacionats amb el treball amb els infants i les seves<br \/>\nfam\u00edlies. Arrel d\u2019aquesta idea, la cooperativa va ampliant la proposta de formaci\u00f3 i s\u2019ofereixen, tamb\u00e9, xerrades a fam\u00edlies, associacions de pares, o a d\u2019altres serveis especialitzats o interessats en la crian\u00e7a i\/o en el desenvolupament dels infants. Des d\u2019aleshores, hem ofert:[\/vc_column_text][vc_empty_space height=&#8221;20&#8243;][vc_column_text]<strong>Assessorament a fam\u00edlies<\/strong><\/p>\n<p>\u2022 Vincle afectiu i motricitat.<\/p>\n<p>\u2022 L\u2019h\u00e0bit de la son.<\/p>\n<p>\u2022 Desenvolupament del llenguatge.<\/p>\n<p>\u2022 Els l\u00edmits i la contenci\u00f3 en la crian\u00e7a.<\/p>\n<p>\u2022 El vincle afectiu.<\/p>\n<p>\u2022 Reflexi\u00f3 sobre el desenvolupament infantil.<\/p>\n<p>\u2022 Desenvolupament emocional de l\u2019infant.<\/p>\n<p>\u2022 Funcions emocionals de la fam\u00edlia.<\/p>\n<p>\u2022 Inici de l\u2019escola bressol.<\/p>\n<p>\u2022 Les emocions en l\u2019infant i la fam\u00edlia.<\/p>\n<p>\u2022 Desenvolupament motriu.<\/p>\n<p>\u2022 El control d\u2019esf\u00ednters.[\/vc_column_text][vc_empty_space height=&#8221;20&#8243;][vc_column_text]<strong>Formaci\u00f3 a educadores<br \/>\n<\/strong><\/p>\n<p>\u2022 Detecci\u00f3 i signes d\u2019alarma de TEA: casos pr\u00e0ctics.<\/p>\n<p>\u2022 Sobre el treball amb fam\u00edlies.<\/p>\n<p>\u2022 Sobre la formaci\u00f3 dels vincles.<\/p>\n<p>\u2022 Base emocional i relacional en el desenvolupament del llenguatge.<\/p>\n<p>\u2022 Desenvolupament motriu.<\/p>\n<p>\u2022 Contenci\u00f3 i regulaci\u00f3. TEA.<\/p>\n<p>\u2022 Contenci\u00f3 emocional.<\/p>\n<p>\u2022 Observaci\u00f3. Construcci\u00f3 de la identitat, I i II.<\/p>\n<p>\u2022 Necessitats de l\u2019equip educatiu a l\u2019escola bressol.<\/p>\n<p>\u2022 Acompanyament emocional als infants i fam\u00edlies a l&#8217;escolabressol, a partir de l&#8217;observaci\u00f3 i l\u2019an\u00e0lisi d&#8217;un cas.<\/p>\n<p>\u2022 L&#8217;atenci\u00f3 de l&#8217;infant amb necessitats educatives especials: TEA.[\/vc_column_text][vc_empty_space height=&#8221;20&#8243;][vc_column_text]<strong>Formaci\u00f3 a altres CDIAP<br \/>\n<\/strong><\/p>\n<p>\u2022 Introducci\u00f3 a les escales de desenvolupament MERRILL-PALMER-R.<\/p>\n<p>\u2022 Implementaci\u00f3 del Programa AGIRA (Assist\u00e8ncia Global a Infants amb Risc d\u2019Autisme) i supervisi\u00f3 de casos TEA.[\/vc_column_text][vc_empty_space height=&#8221;20&#8243;][vc_column_text]<strong>Carta de serveis<br \/>\n<\/strong><\/p>\n<p>\u2022 Descarrega&#8217;t <a href=\"https:\/\/capivo.cat\/wp-content\/uploads\/2024\/07\/Carta-de-serveis-CAPIVO.pdf\" target=\"_blank\" rel=\"noopener\"><strong>AQU\u00cd<\/strong><\/a> la nostra carta de serveis[\/vc_column_text][vc_empty_space height=&#8221;50&#8243;][\/vc_column_inner][\/vc_row_inner][\/vc_column][\/vc_row]<\/p>\n","protected":false},"excerpt":{"rendered":"<p>[vc_row content_full_width=&#8221;1&#8243;][vc_column][vc_separator][\/vc_column][\/vc_row][vc_row css=&#8221;.vc_custom_1496689351032{background-color: #ffffff !important;}&#8221; el_id=&#8221;qui-som&#8221;][vc_column width=&#8221;1\/2&#8243;][vc_empty_space height=&#8221;10px&#8221;][vc_row_inner][vc_column_inner][vc_empty_space height=&#8221;10px&#8221;][vc_column_text] Qui som? [\/vc_column_text][vc_empty_space][vc_column_text]CAPIVO SCCL (Centre d\u2019atenci\u00f3 a la primera inf\u00e0ncia del Vall\u00e8s Oriental) som una Cooperativa de Treball Associat d\u2019Iniciativa Social sense afany de lucre que v\u00e0rem iniciar la nostra activitat social l\u2019any 1990.[\/vc_column_text][vc_empty_space][vc_column_text]La cooperativa est\u00e0 formada per un grup de professionals de diferents disciplines especialitzats [&hellip;]<\/p>\n","protected":false},"author":8,"featured_media":0,"parent":0,"menu_order":0,"comment_status":"closed","ping_status":"closed","template":"","meta":{"footnotes":""},"class_list":["post-5952","page","type-page","status-publish","hentry"],"post_mailing_queue_ids":[],"_links":{"self":[{"href":"https:\/\/capivo.cat\/ca\/wp-json\/wp\/v2\/pages\/5952","targetHints":{"allow":["GET"]}}],"collection":[{"href":"https:\/\/capivo.cat\/ca\/wp-json\/wp\/v2\/pages"}],"about":[{"href":"https:\/\/capivo.cat\/ca\/wp-json\/wp\/v2\/types\/page"}],"author":[{"embeddable":true,"href":"https:\/\/capivo.cat\/ca\/wp-json\/wp\/v2\/users\/8"}],"replies":[{"embeddable":true,"href":"https:\/\/capivo.cat\/ca\/wp-json\/wp\/v2\/comments?post=5952"}],"version-history":[{"count":31,"href":"https:\/\/capivo.cat\/ca\/wp-json\/wp\/v2\/pages\/5952\/revisions"}],"predecessor-version":[{"id":6887,"href":"https:\/\/capivo.cat\/ca\/wp-json\/wp\/v2\/pages\/5952\/revisions\/6887"}],"wp:attachment":[{"href":"https:\/\/capivo.cat\/ca\/wp-json\/wp\/v2\/media?parent=5952"}],"curies":[{"name":"wp","href":"https:\/\/api.w.org\/{rel}","templated":true}]}}