{"id":5943,"date":"2017-06-02T08:46:03","date_gmt":"2017-06-02T08:46:03","guid":{"rendered":"http:\/\/capivo.cat\/ca\/cdiap-granollers\/"},"modified":"2024-07-26T15:52:46","modified_gmt":"2024-07-26T15:52:46","slug":"cdiap-granollers","status":"publish","type":"page","link":"https:\/\/capivo.cat\/ca\/cdiap-granollers\/","title":{"rendered":"Cdiap Granollers"},"content":{"rendered":"<p>[vc_row][vc_column][vc_empty_space][vc_column_text]<\/p>\n<h2 style=\"text-align: center;\"><span style=\"color: #d86a40;\">Qu\u00e8 \u00e9s CDIAP Granollers?<\/span><\/h2>\n<p>[\/vc_column_text][vc_empty_space height=&#8221;48px&#8221;][\/vc_column][\/vc_row][vc_row content_full_width=&#8221;1&#8243;][vc_column][vc_single_image image=&#8221;6660&#8243; img_size=&#8221;full&#8221; alignment=&#8221;center&#8221;][vc_empty_space][\/vc_column][\/vc_row][vc_row][vc_column][vc_empty_space][vc_column_text]<\/p>\n<h3 style=\"text-align: center;\">El CDIAP Granollers \u00e9s un servei p\u00fablic, universal i gratu\u00eft, que est\u00e0 integrat en el<br \/>\nDepartament de Treball, Afers Socials i Fam\u00edlies de la Generalitat de Catalunya.<\/h3>\n<p>[\/vc_column_text][vc_empty_space height=&#8221;50px&#8221;][\/vc_column][\/vc_row][vc_row css=&#8221;.vc_custom_1625763528391{background-color: #fafafa !important;}&#8221; el_id=&#8221;qui&#8221; el_class=&#8221;colorgris&#8221;][vc_column width=&#8221;1\/2&#8243;][vc_empty_space height=&#8221;50px&#8221;][vc_row_inner][vc_column_inner][vc_column_text]<\/p>\n<h2><span style=\"color: #d86a40;\">Per a qui?<\/span><\/h2>\n<p>[\/vc_column_text][vc_empty_space][vc_column_text]El CDIAP at\u00e9n infants de 0 a 6 anys amb trastorns del desenvolupament o amb risc de patir-los i tamb\u00e9 a les seves fam\u00edlies mitjan\u00e7ant una atenci\u00f3 global i multidisciplinar. Es treballa des de la prevenci\u00f3 i la detecci\u00f3 fins al diagn\u00f2stic i el tractament. Aix\u00ed mateix, es realitza un treball de coordinaci\u00f3 continu amb altres serveis externs dels \u00e0mbits educatiu, sanitari i social de la zona. La prioritat del servei \u00e9s atendre els nens m\u00e9s petits de 4 anys. Per aquesta ra\u00f3, si la demanda supera les possibilitats d&#8217;atenci\u00f3 es prioritzaran als menors de 3 anys i els que pateixen afectacions greus.[\/vc_column_text][vc_empty_space height=&#8221;64px&#8221;][\/vc_column_inner][\/vc_row_inner][\/vc_column][vc_column width=&#8221;1\/2&#8243;][vc_empty_space height=&#8221;10px&#8221;][vc_single_image image=&#8221;6022&#8243; img_size=&#8221;full&#8221; alignment=&#8221;center&#8221; css_animation=&#8221;right-to-left&#8221;][\/vc_column][\/vc_row][vc_row el_id=&#8221;com&#8221;][vc_column width=&#8221;1\/2&#8243;][vc_empty_space height=&#8221;80px&#8221;][vc_single_image image=&#8221;6019&#8243; img_size=&#8221;full&#8221; alignment=&#8221;center&#8221; css_animation=&#8221;left-to-right&#8221;][\/vc_column][vc_column width=&#8221;1\/2&#8243;][vc_empty_space height=&#8221;50px&#8221;][vc_row_inner][vc_column_inner][vc_column_text]<\/p>\n<h2><span style=\"color: #d86a40;\">Com accedir?<\/span><\/h2>\n<p>[\/vc_column_text][vc_empty_space][vc_column_text]<\/p>\n<p style=\"text-align: justify;\">Al CDIAP Granollers poden accedir les fam\u00edlies de la zona de Granollers, Aiguafreda, l\u2019Ametlla del Vall\u00e8s, Canovelles, C\u00e0noves i Samal\u00fas, Cardedeu, les Franqueses del Vall\u00e8s, la Garriga, Montmany-Figar\u00f3, Montmel\u00f3, Montorn\u00e8s, la Roca del Vall\u00e8s, Tagamanent, Vallromanes i Vilanova del Vall\u00e8s.<\/p>\n<p>[\/vc_column_text][vc_empty_space][vc_column_text]La derivaci\u00f3 de nens al CDIAP es pot fer mitjan\u00e7ant els serveis educatius (llar d&#8217;infants, escola ordin\u00e0ria &#8230;), sanitaris (pedi\u00e0tre referent, hospital &#8230;.) i socials (treballadors socials, espais familiars &#8230;), o per iniciativa de la fam\u00edlia.[\/vc_column_text][vc_empty_space][vc_column_text]Per demanar visita nom\u00e9s cal que la fam\u00edlia contacti telef\u00f2nicament o presencialment amb el CDIAP.[\/vc_column_text][\/vc_column_inner][\/vc_row_inner][vc_empty_space height=&#8221;64px&#8221;][\/vc_column][\/vc_row][vc_row css=&#8221;.vc_custom_1496688853129{background-color: #fafafa !important;}&#8221; el_id=&#8221;que&#8221;][vc_column width=&#8221;1\/2&#8243;][vc_empty_space height=&#8221;50px&#8221;][vc_row_inner][vc_column_inner][vc_column_text]<\/p>\n<h2><span style=\"color: #d86a40;\">Qu\u00e8 fem?<\/span><\/h2>\n<p>[\/vc_column_text][vc_empty_space][vc_column_text]Al Servei d&#8217;Atenci\u00f3 Preco\u00e7 realitzem actuacions de tipus prevenci\u00f3, detecci\u00f3, diagn\u00f2stic i intervenci\u00f3 terap\u00e8utica, i de car\u00e0cter interdisciplinari, que s&#8217;estenen des del moment de la concepci\u00f3 fins que l&#8217;infant compleix 6 anys.[\/vc_column_text][vc_empty_space][vc_column_text]Els serveis que oferim s\u00f3n:<\/p>\n<p><strong>PROGRAMES DE PREVENCI\u00d3 I DETECCI\u00d3<\/strong><\/p>\n<p><strong>\u00c0rea de sanitat<\/strong><\/p>\n<p>\u2022 Hospital<\/p>\n<ul>\n<li>Treball amb embarassos de risc a l&#8217;Hospital General de Granollers<\/li>\n<li>Treball de prevenci\u00f3 en les unitats de nounats patol\u00f2gics de l&#8217;Hospital General de Granollers<\/li>\n<\/ul>\n<p>\u2022 ABS \/ CAP: Treball amb les ABS de diferents poblacions de la zona d&#8217;atenci\u00f3 del CDIAP<\/p>\n<p><strong>\u00c0rea d&#8217;educaci\u00f3<\/strong><\/p>\n<p>\u2022 Detecci\u00f3 i prevenci\u00f3 en la llar d&#8217;infants<\/p>\n<p>\u2022 Detecci\u00f3 i prevenci\u00f3 a l&#8217;escola ordin\u00e0ria<\/p>\n<p><strong>\u00c0rea social<\/strong><\/p>\n<p>\u2022 Detecci\u00f3 i prevenci\u00f3 en espais familiars<\/p>\n<p>\u2022 Altres[\/vc_column_text][vc_empty_space][vc_column_text]<strong>AVALUACI\u00d3 I DIAGN\u00d2STIC DEL DESENVOLUPAMENT DE L&#8217;INFANT I DE LA SEVA FAM\u00cdLIA:<\/strong><\/p>\n<p>Inclou el proc\u00e9s diagn\u00f2stic i les actuacions necess\u00e0ries per valorar el desenvolupament bio-psicosocial i possibles alteracions o el risc de patir-en nens que necessiten ser atesos i en les seves fam\u00edlies.[\/vc_column_text][vc_empty_space][vc_column_text]<strong>TRACTAMENT:<\/strong><\/p>\n<p>Les modalitats d&#8217;intervenci\u00f3 que oferim s\u00f3n:<\/p>\n<p>\u2022 Tractament al nen i la seva fam\u00edlia<br \/>\n\u2022 Acompanyament i suport als pares<br \/>\n\u2022 Atenci\u00f3 domicili\u00e0ria<br \/>\n\u2022 Espai d&#8217;activitat aqu\u00e0tica<br \/>\n\u2022 Grups terap\u00e8utics de nens<br \/>\n\u2022 Grup de pares<br \/>\n\u2022 Coordinacions amb els professionals de la xarxa de l&#8217;\u00e0mbit sanitari, educatiu i social que coneixen al nen[\/vc_column_text][vc_empty_space][vc_column_text]<strong>TREBALL EN XARXA<\/strong><\/p>\n<p>&nbsp;<\/p>\n<p><strong>FORMACI\u00d3 I DOC\u00c8NCIA<\/strong><br \/>\n\u2022 Assessorament i sensibilitzaci\u00f3 en forma de xerrades<\/p>\n<p>&nbsp;<\/p>\n<p><strong>PROGRAMA ESPECIFIC D&#8217;ATENCI\u00d3 A INFANTS AMB TRASTORNS GREUS DEL DESENVOLUPAMENT O EN RISC DE PATIR-LOS<br \/>\n<\/strong>[\/vc_column_text][vc_empty_space height=&#8221;20&#8243;][\/vc_column_inner][\/vc_row_inner][vc_row_inner][vc_column_inner css=&#8221;.vc_custom_1626080562641{padding-left: -50px !important;}&#8221;][vc_column_text]<\/p>\n<p style=\"text-align: left;\">DESCARREGA&#8217;T EL PGR 2021<\/p>\n<p>[\/vc_column_text][vc_icon icon_fontawesome=&#8221;far fa-file-pdf&#8221; color=&#8221;custom&#8221; size=&#8221;lg&#8221; css_animation=&#8221;left-to-right&#8221; custom_color=&#8221;#75c6ba&#8221; link=&#8221;url:http%3A%2F%2Fcapivo.cat%2Fwp-content%2Fuploads%2F2021%2F08%2FPGR_2021_cat.pdf|target:_blank&#8221; el_class=&#8221;espai&#8221;][\/vc_column_inner][\/vc_row_inner][\/vc_column][vc_column width=&#8221;1\/2&#8243;][vc_empty_space height=&#8221;64px&#8221;][vc_single_image image=&#8221;6040&#8243; img_size=&#8221;full&#8221; alignment=&#8221;center&#8221; css_animation=&#8221;right-to-left&#8221;][\/vc_column][\/vc_row][vc_row el_id=&#8221;professionals&#8221;][vc_column][vc_empty_space height=&#8221;80px&#8221;][vc_column_text]<\/p>\n<h2 style=\"text-align: center; font-family: 'Lato-LightItalic'; font-size: 36px;\">Els nostres professionals<\/h2>\n<p>[\/vc_column_text][vc_empty_space height=&#8221;48px&#8221;][vc_row_inner equal_height=&#8221;yes&#8221; gap=&#8221;10&#8243; css=&#8221;.vc_custom_1625828508726{margin-right: 50px !important;margin-left: 50px !important;}&#8221; el_id=&#8221;equip-Granollers&#8221; el_class=&#8221;margincdiap&#8221;][vc_column_inner width=&#8221;1\/2&#8243; css=&#8221;.vc_custom_1707151042687{border-top-width: 5px !important;border-right-width: 5px !important;border-bottom-width: 5px !important;border-left-width: 5px !important;background-color: #fafafa !important;border-left-color: #ffffff !important;border-right-color: #ffffff !important;border-top-color: #ffffff !important;border-bottom-color: #ffffff !important;}&#8221; offset=&#8221;vc_hidden-lg vc_hidden-md vc_hidden-sm vc_hidden-xs&#8221;][vc_empty_space height=&#8221;16px&#8221;][vc_single_image image=&#8221;6222&#8243; img_size=&#8221;full&#8221; alignment=&#8221;center&#8221;][vc_empty_space height=&#8221;24px&#8221;][vc_column_text]<\/p>\n<h3 style=\"text-align: center;\"><span style=\"color: #d86a40;\">TREBALLADORES SOCIALS<\/span><\/h3>\n<p>[\/vc_column_text][vc_empty_space height=&#8221;15px&#8221;][vc_column_text css=&#8221;.vc_custom_1627979784832{padding-right: 25px !important;padding-left: 25px !important;}&#8221; el_class=&#8221;espaipersonal&#8221;]<\/p>\n<p style=\"text-align: center;\">Cristina Garc\u00eda \u2022 Isabel Valls<\/p>\n<p>[\/vc_column_text][vc_empty_space][\/vc_column_inner][vc_column_inner width=&#8221;1\/2&#8243; css=&#8221;.vc_custom_1707151052506{border-top-width: 5px !important;border-right-width: 5px !important;border-bottom-width: 5px !important;border-left-width: 5px !important;background-color: #fafafa !important;border-left-color: #ffffff !important;border-right-color: #ffffff !important;border-top-color: #ffffff !important;border-bottom-color: #ffffff !important;}&#8221; offset=&#8221;vc_hidden-lg vc_hidden-md vc_hidden-sm vc_hidden-xs&#8221;][vc_empty_space height=&#8221;16px&#8221;][vc_single_image image=&#8221;6223&#8243; img_size=&#8221;full&#8221; alignment=&#8221;center&#8221;][vc_empty_space height=&#8221;24px&#8221;][vc_column_text]<\/p>\n<h3 style=\"text-align: center;\"><span style=\"color: #d86a40;\">FISIOTERAPE<\/span><span style=\"color: #d86a40;\">UTES<\/span><\/h3>\n<p>[\/vc_column_text][vc_empty_space height=&#8221;15px&#8221;][vc_column_text css=&#8221;.vc_custom_1627979794145{padding-right: 25px !important;padding-left: 25px !important;}&#8221; el_class=&#8221;espaipersonal&#8221;]<\/p>\n<p style=\"text-align: center;\">Anna Cuberos \u2022 Adela Liria \u2022<br \/>\nM\u00aa Jes\u00fas Miranda \u2022\u00a0\u00c0ngels V\u00e1zquez<\/p>\n<p>[\/vc_column_text][vc_empty_space][\/vc_column_inner][\/vc_row_inner][vc_row_inner equal_height=&#8221;yes&#8221; gap=&#8221;10&#8243; css=&#8221;.vc_custom_1625828508726{margin-right: 50px !important;margin-left: 50px !important;}&#8221; el_class=&#8221;margincdiap&#8221;][vc_column_inner width=&#8221;1\/2&#8243; css=&#8221;.vc_custom_1463142915273{border-top-width: 5px !important;border-right-width: 5px !important;border-bottom-width: 5px !important;border-left-width: 5px !important;background-color: #fafafa !important;border-left-color: #ffffff !important;border-right-color: #ffffff !important;border-top-color: #ffffff !important;border-bottom-color: #ffffff !important;}&#8221;][vc_empty_space height=&#8221;24px&#8221;][vc_column_text]<\/p>\n<h3 style=\"text-align: center;\"><span style=\"color: #d86a40;\">TREBALLADORES SOCIALS<\/span><\/h3>\n<p>[\/vc_column_text][vc_empty_space height=&#8221;15px&#8221;][vc_column_text css=&#8221;.vc_custom_1707151569852{padding-right: 25px !important;padding-left: 25px !important;}&#8221; el_class=&#8221;espaipersonal&#8221;]<\/p>\n<p style=\"text-align: center;\">Isabel Valls \u2022 Cristina Garc\u00eda<\/p>\n<p>[\/vc_column_text][vc_empty_space][\/vc_column_inner][vc_column_inner width=&#8221;1\/2&#8243; css=&#8221;.vc_custom_1463142937780{border-top-width: 5px !important;border-right-width: 5px !important;border-bottom-width: 5px !important;border-left-width: 5px !important;background-color: #fafafa !important;border-left-color: #ffffff !important;border-right-color: #ffffff !important;border-top-color: #ffffff !important;border-bottom-color: #ffffff !important;}&#8221;][vc_empty_space height=&#8221;24px&#8221;][vc_column_text]<\/p>\n<h3 style=\"text-align: center;\"><span style=\"color: #d86a40;\">FISIOTERAPE<\/span><span style=\"color: #d86a40;\">UTES<\/span><\/h3>\n<p>[\/vc_column_text][vc_empty_space height=&#8221;15px&#8221;][vc_column_text css=&#8221;.vc_custom_1707151509353{padding-right: 25px !important;padding-left: 25px !important;}&#8221; el_class=&#8221;espaipersonal&#8221;]<\/p>\n<p style=\"text-align: center;\">Anna Cuberos \u2022 Anna Corral \u2022 Adela Liria \u2022 M\u00aa Jes\u00fas Miranda \u2022 \u00c0ngels V\u00e1zquez \u2022 Carla Baena<\/p>\n<p>[\/vc_column_text][vc_empty_space][\/vc_column_inner][\/vc_row_inner][vc_row_inner equal_height=&#8221;yes&#8221; gap=&#8221;10&#8243; css=&#8221;.vc_custom_1463143174201{margin-right: 50px !important;margin-left: 50px !important;}&#8221;][vc_column_inner width=&#8221;1\/2&#8243; css=&#8221;.vc_custom_1463142915273{border-top-width: 5px !important;border-right-width: 5px !important;border-bottom-width: 5px !important;border-left-width: 5px !important;background-color: #fafafa !important;border-left-color: #ffffff !important;border-right-color: #ffffff !important;border-top-color: #ffffff !important;border-bottom-color: #ffffff !important;}&#8221;][vc_empty_space height=&#8221;24px&#8221;][vc_column_text]<\/p>\n<h3 style=\"text-align: center;\"><span style=\"color: #d86a40;\">NEUROPEDIATRES<\/span><\/h3>\n<p>[\/vc_column_text][vc_empty_space height=&#8221;15px&#8221;][vc_column_text css=&#8221;.vc_custom_1707151259686{padding-right: 25px !important;padding-left: 25px !important;}&#8221; el_class=&#8221;espaipersonal&#8221;]<\/p>\n<p style=\"text-align: center;\">Monika Auffant<\/p>\n<p>[\/vc_column_text][vc_empty_space][\/vc_column_inner][vc_column_inner width=&#8221;1\/2&#8243; css=&#8221;.vc_custom_1463142937780{border-top-width: 5px !important;border-right-width: 5px !important;border-bottom-width: 5px !important;border-left-width: 5px !important;background-color: #fafafa !important;border-left-color: #ffffff !important;border-right-color: #ffffff !important;border-top-color: #ffffff !important;border-bottom-color: #ffffff !important;}&#8221;][vc_empty_space height=&#8221;24px&#8221;][vc_column_text]<\/p>\n<h3 style=\"text-align: center;\"><span style=\"color: #d86a40;\">PSIC\u00d2LEGS<\/span><\/h3>\n<p>[\/vc_column_text][vc_empty_space height=&#8221;15px&#8221;][vc_column_text css=&#8221;.vc_custom_1722009160855{padding-right: 25px !important;padding-left: 25px !important;}&#8221; el_class=&#8221;espaipersonal&#8221;]<\/p>\n<p style=\"text-align: center;\">Aitziber Zu\u00f1iga \u2022 Aurora Luna \u2022 Cec\u00edlia Fern\u00e1ndez \u2022 Cec\u00edlia Rosell \u2022 Irene Armengol \u2022 Margarita Corbera \u2022 Mireia Pardo (Directora) \u2022 N\u00faria Aixandri (Coordinadora) \u2022 N\u00faria Fern\u00e1ndez \u2022 Paola Picardo \u2022 Rebeca Trasobares \u2022 Sandra Naya \u2022 Susana Olives\u00a0 \u2022 Joana Santano (Coordinadora)<\/p>\n<p>[\/vc_column_text][vc_empty_space][\/vc_column_inner][\/vc_row_inner][vc_row_inner equal_height=&#8221;yes&#8221; gap=&#8221;10&#8243; css=&#8221;.vc_custom_1463143174201{margin-right: 50px !important;margin-left: 50px !important;}&#8221;][vc_column_inner width=&#8221;1\/2&#8243; css=&#8221;.vc_custom_1463142915273{border-top-width: 5px !important;border-right-width: 5px !important;border-bottom-width: 5px !important;border-left-width: 5px !important;background-color: #fafafa !important;border-left-color: #ffffff !important;border-right-color: #ffffff !important;border-top-color: #ffffff !important;border-bottom-color: #ffffff !important;}&#8221;][vc_empty_space height=&#8221;24px&#8221;][vc_column_text]<\/p>\n<h3 style=\"text-align: center;\"><span style=\"color: #d86a40;\">PSIC\u00d2LEGS CL\u00cdNICS<\/span><\/h3>\n<p>[\/vc_column_text][vc_empty_space height=&#8221;15px&#8221;][vc_column_text css=&#8221;.vc_custom_1707154073329{padding-right: 25px !important;padding-left: 25px !important;}&#8221; el_class=&#8221;espaipersonal&#8221;]<\/p>\n<p style=\"text-align: center;\">Rosa Clua<\/p>\n<p>[\/vc_column_text][vc_empty_space][\/vc_column_inner][vc_column_inner width=&#8221;1\/2&#8243; css=&#8221;.vc_custom_1463142937780{border-top-width: 5px !important;border-right-width: 5px !important;border-bottom-width: 5px !important;border-left-width: 5px !important;background-color: #fafafa !important;border-left-color: #ffffff !important;border-right-color: #ffffff !important;border-top-color: #ffffff !important;border-bottom-color: #ffffff !important;}&#8221;][vc_empty_space height=&#8221;24px&#8221;][vc_column_text]<\/p>\n<h3 style=\"text-align: center;\"><span style=\"color: #d86a40;\">LOGOPEDES<\/span><\/h3>\n<p>[\/vc_column_text][vc_empty_space height=&#8221;15px&#8221;][vc_column_text css=&#8221;.vc_custom_1707154022138{padding-right: 25px !important;padding-left: 25px !important;}&#8221; el_class=&#8221;espaipersonal&#8221;]<\/p>\n<p style=\"text-align: center;\">Laura Llu\u00eds \u2022 Marta Seoane \u2022 J\u00e8ssica Perxachs \u2022 Ester Jordana<\/p>\n<p>[\/vc_column_text][vc_empty_space][\/vc_column_inner][\/vc_row_inner][vc_row_inner equal_height=&#8221;yes&#8221; gap=&#8221;10&#8243; css=&#8221;.vc_custom_1463143174201{margin-right: 50px !important;margin-left: 50px !important;}&#8221;][vc_column_inner width=&#8221;1\/2&#8243; css=&#8221;.vc_custom_1463142915273{border-top-width: 5px !important;border-right-width: 5px !important;border-bottom-width: 5px !important;border-left-width: 5px !important;background-color: #fafafa !important;border-left-color: #ffffff !important;border-right-color: #ffffff !important;border-top-color: #ffffff !important;border-bottom-color: #ffffff !important;}&#8221;][vc_empty_space height=&#8221;24px&#8221;][vc_column_text]<\/p>\n<h3 style=\"text-align: center;\"><span style=\"color: #d86a40;\">ADMINISTRACI\u00d3<\/span><\/h3>\n<p>[\/vc_column_text][vc_empty_space height=&#8221;15px&#8221;][vc_column_text css=&#8221;.vc_custom_1627979825960{padding-right: 25px !important;padding-left: 25px !important;}&#8221; el_class=&#8221;espaipersonal&#8221;]<\/p>\n<p style=\"text-align: center;\">Olga Muntsant<\/p>\n<p>[\/vc_column_text][vc_empty_space][\/vc_column_inner][vc_column_inner width=&#8221;1\/2&#8243; css=&#8221;.vc_custom_1463142937780{border-top-width: 5px !important;border-right-width: 5px !important;border-bottom-width: 5px !important;border-left-width: 5px !important;background-color: #fafafa !important;border-left-color: #ffffff !important;border-right-color: #ffffff !important;border-top-color: #ffffff !important;border-bottom-color: #ffffff !important;}&#8221;][vc_empty_space height=&#8221;24px&#8221;][vc_column_text]<\/p>\n<h3 style=\"text-align: center;\"><span style=\"color: #d86a40;\">ATENCI\u00d3 A L&#8217;USUARI<\/span><\/h3>\n<p>[\/vc_column_text][vc_empty_space height=&#8221;15px&#8221;][vc_column_text css=&#8221;.vc_custom_1627979832326{padding-right: 25px !important;padding-left: 25px !important;}&#8221; el_class=&#8221;espaipersonal&#8221;]<\/p>\n<p style=\"text-align: center;\">\u00c0ngels de la Vara<\/p>\n<p>[\/vc_column_text][vc_empty_space][\/vc_column_inner][\/vc_row_inner][\/vc_column][\/vc_row]<\/p>\n","protected":false},"excerpt":{"rendered":"<p>[vc_row][vc_column][vc_empty_space][vc_column_text] Qu\u00e8 \u00e9s CDIAP Granollers? [\/vc_column_text][vc_empty_space height=&#8221;48px&#8221;][\/vc_column][\/vc_row][vc_row content_full_width=&#8221;1&#8243;][vc_column][vc_single_image image=&#8221;6660&#8243; img_size=&#8221;full&#8221; alignment=&#8221;center&#8221;][vc_empty_space][\/vc_column][\/vc_row][vc_row][vc_column][vc_empty_space][vc_column_text] El CDIAP Granollers \u00e9s un servei p\u00fablic, universal i gratu\u00eft, que est\u00e0 integrat en el Departament de Treball, Afers Socials i Fam\u00edlies de la Generalitat de Catalunya. [\/vc_column_text][vc_empty_space height=&#8221;50px&#8221;][\/vc_column][\/vc_row][vc_row css=&#8221;.vc_custom_1625763528391{background-color: #fafafa !important;}&#8221; el_id=&#8221;qui&#8221; el_class=&#8221;colorgris&#8221;][vc_column width=&#8221;1\/2&#8243;][vc_empty_space height=&#8221;50px&#8221;][vc_row_inner][vc_column_inner][vc_column_text] Per a qui? [\/vc_column_text][vc_empty_space][vc_column_text]El CDIAP at\u00e9n infants de [&hellip;]<\/p>\n","protected":false},"author":8,"featured_media":0,"parent":0,"menu_order":0,"comment_status":"closed","ping_status":"closed","template":"","meta":{"footnotes":""},"class_list":["post-5943","page","type-page","status-publish","hentry"],"post_mailing_queue_ids":[],"_links":{"self":[{"href":"https:\/\/capivo.cat\/ca\/wp-json\/wp\/v2\/pages\/5943","targetHints":{"allow":["GET"]}}],"collection":[{"href":"https:\/\/capivo.cat\/ca\/wp-json\/wp\/v2\/pages"}],"about":[{"href":"https:\/\/capivo.cat\/ca\/wp-json\/wp\/v2\/types\/page"}],"author":[{"embeddable":true,"href":"https:\/\/capivo.cat\/ca\/wp-json\/wp\/v2\/users\/8"}],"replies":[{"embeddable":true,"href":"https:\/\/capivo.cat\/ca\/wp-json\/wp\/v2\/comments?post=5943"}],"version-history":[{"count":56,"href":"https:\/\/capivo.cat\/ca\/wp-json\/wp\/v2\/pages\/5943\/revisions"}],"predecessor-version":[{"id":6889,"href":"https:\/\/capivo.cat\/ca\/wp-json\/wp\/v2\/pages\/5943\/revisions\/6889"}],"wp:attachment":[{"href":"https:\/\/capivo.cat\/ca\/wp-json\/wp\/v2\/media?parent=5943"}],"curies":[{"name":"wp","href":"https:\/\/api.w.org\/{rel}","templated":true}]}}